{"id":31570,"date":"2020-06-11T07:25:24","date_gmt":"2020-06-11T05:25:24","guid":{"rendered":"https:\/\/softlinefurniture.com\/product\/chat-fauteuil\/"},"modified":"2026-03-11T13:01:39","modified_gmt":"2026-03-11T12:01:39","slug":"chat-fauteuil","status":"publish","type":"product","link":"https:\/\/softlinefurniture.com\/fr\/produit\/chat-fauteuil\/","title":{"rendered":"CHAT Fauteuil"},"content":{"rendered":"<p><strong>Une sculpture pour se d\u00e9tendre<\/strong><br \/>\nCHAT est un canap\u00e9 con\u00e7u pour permettre de s\u2019asseoir et de discuter pour faire la causette, mais il existe de nombreuses autres fa\u00e7ons de l\u2019utiliser.<br \/>\nSa conception combine la forme ronde \u00e9l\u00e9gante et organique du dossier avec les lignes cubiques de l\u2019\u00e9l\u00e9ment d\u2019assise pour aboutir \u00e0 un aspect sculptural. Les mat\u00e9riaux de qualit\u00e9 sup\u00e9rieure rendent le confort exceptionnel.<\/p>\n","protected":false},"excerpt":{"rendered":"<p>Une sculpture pour se d\u00e9tendre CHAT est un canap\u00e9 con\u00e7u pour permettre de s\u2019asseoir et de discuter pour faire la causette, mais il existe de nombreuses autres fa\u00e7ons de l\u2019utiliser. Sa conception combine la forme ronde \u00e9l\u00e9gante et organique du dossier avec les lignes cubiques de l\u2019\u00e9l\u00e9ment d\u2019assise pour aboutir \u00e0 un aspect sculptural. Les [&hellip;]<\/p>\n","protected":false},"featured_media":84776,"comment_status":"closed","ping_status":"closed","template":"","meta":{"_acf_changed":false},"product_brand":[48359],"product_cat":[6240],"product_tag":[],"class_list":{"0":"post-31570","1":"product","2":"type-product","3":"status-publish","4":"has-post-thumbnail","6":"product_brand-chat","7":"product_cat-fauteuils-lounge","8":"pa_covers-nettoyage-les-housses-ayant-le-symbole-p-peuvent-etre-nettoyees-a-sec-des-housses-supplementaires-peuvent-etre-commandees-si-vous-souhaitez-une-nouvelle-couleur-ou-un-autre-tissu","10":"first","11":"instock","12":"shipping-taxable","13":"purchasable","14":"product-type-variable"},"acf":[],"_links":{"self":[{"href":"https:\/\/softlinefurniture.com\/fr\/wp-json\/wp\/v2\/product\/31570","targetHints":{"allow":["GET"]}}],"collection":[{"href":"https:\/\/softlinefurniture.com\/fr\/wp-json\/wp\/v2\/product"}],"about":[{"href":"https:\/\/softlinefurniture.com\/fr\/wp-json\/wp\/v2\/types\/product"}],"replies":[{"embeddable":true,"href":"https:\/\/softlinefurniture.com\/fr\/wp-json\/wp\/v2\/comments?post=31570"}],"version-history":[{"count":0,"href":"https:\/\/softlinefurniture.com\/fr\/wp-json\/wp\/v2\/product\/31570\/revisions"}],"wp:featuredmedia":[{"embeddable":true,"href":"https:\/\/softlinefurniture.com\/fr\/wp-json\/wp\/v2\/media\/84776"}],"wp:attachment":[{"href":"https:\/\/softlinefurniture.com\/fr\/wp-json\/wp\/v2\/media?parent=31570"}],"wp:term":[{"taxonomy":"product_brand","embeddable":true,"href":"https:\/\/softlinefurniture.com\/fr\/wp-json\/wp\/v2\/product_brand?post=31570"},{"taxonomy":"product_cat","embeddable":true,"href":"https:\/\/softlinefurniture.com\/fr\/wp-json\/wp\/v2\/product_cat?post=31570"},{"taxonomy":"product_tag","embeddable":true,"href":"https:\/\/softlinefurniture.com\/fr\/wp-json\/wp\/v2\/product_tag?post=31570"}],"curies":[{"name":"wp","href":"https:\/\/api.w.org\/{rel}","templated":true}]}}