{"id":31578,"date":"2020-06-11T05:05:08","date_gmt":"2020-06-11T03:05:08","guid":{"rendered":"https:\/\/softlinefurniture.com\/product\/bon-bon-pouf\/"},"modified":"2026-03-11T12:58:15","modified_gmt":"2026-03-11T11:58:15","slug":"bon-bon-pouf","status":"publish","type":"product","link":"https:\/\/softlinefurniture.com\/fr\/produit\/bon-bon-pouf\/","title":{"rendered":"BON-BON Pouf"},"content":{"rendered":"<p><strong>Tout est dans les d\u00e9tails<\/strong><br \/>\nBON-BON est une bouff\u00e9e d&#8217;air frais dans le monde du mobilier classique. Ce pouf multifonctionnel se d\u00e9cline en diff\u00e9rentes tailles et en une large gamme de rev\u00eatements et de couleurs. M\u00e9langez-les pour obtenir un look moderne et personnel et cr\u00e9ez votre design int\u00e9rieur color\u00e9 et fonctionnel.<\/p>\n","protected":false},"excerpt":{"rendered":"<p>Tout est dans les d\u00e9tails BON-BON est une bouff\u00e9e d&#8217;air frais dans le monde du mobilier classique. Ce pouf multifonctionnel se d\u00e9cline en diff\u00e9rentes tailles et en une large gamme de rev\u00eatements et de couleurs. M\u00e9langez-les pour obtenir un look moderne et personnel et cr\u00e9ez votre design int\u00e9rieur color\u00e9 et fonctionnel.<\/p>\n","protected":false},"featured_media":42313,"comment_status":"closed","ping_status":"closed","template":"","meta":{"_acf_changed":false},"product_brand":[48343],"product_cat":[6270,6244],"product_tag":[],"class_list":{"0":"post-31578","1":"product","2":"type-product","3":"status-publish","4":"has-post-thumbnail","6":"product_brand-bon-bon","7":"product_cat-modes","8":"product_cat-poufs-repose-pied","9":"pa_covers-nettoyage-les-housses-ayant-le-symbole-p-peuvent-etre-nettoyees-a-sec-des-housses-supplementaires-peuvent-etre-commandees-si-vous-souhaitez-une-nouvelle-couleur-ou-un-autre-tissu","11":"first","12":"instock","13":"shipping-taxable","14":"purchasable","15":"product-type-variable"},"acf":[],"_links":{"self":[{"href":"https:\/\/softlinefurniture.com\/fr\/wp-json\/wp\/v2\/product\/31578","targetHints":{"allow":["GET"]}}],"collection":[{"href":"https:\/\/softlinefurniture.com\/fr\/wp-json\/wp\/v2\/product"}],"about":[{"href":"https:\/\/softlinefurniture.com\/fr\/wp-json\/wp\/v2\/types\/product"}],"replies":[{"embeddable":true,"href":"https:\/\/softlinefurniture.com\/fr\/wp-json\/wp\/v2\/comments?post=31578"}],"version-history":[{"count":0,"href":"https:\/\/softlinefurniture.com\/fr\/wp-json\/wp\/v2\/product\/31578\/revisions"}],"wp:featuredmedia":[{"embeddable":true,"href":"https:\/\/softlinefurniture.com\/fr\/wp-json\/wp\/v2\/media\/42313"}],"wp:attachment":[{"href":"https:\/\/softlinefurniture.com\/fr\/wp-json\/wp\/v2\/media?parent=31578"}],"wp:term":[{"taxonomy":"product_brand","embeddable":true,"href":"https:\/\/softlinefurniture.com\/fr\/wp-json\/wp\/v2\/product_brand?post=31578"},{"taxonomy":"product_cat","embeddable":true,"href":"https:\/\/softlinefurniture.com\/fr\/wp-json\/wp\/v2\/product_cat?post=31578"},{"taxonomy":"product_tag","embeddable":true,"href":"https:\/\/softlinefurniture.com\/fr\/wp-json\/wp\/v2\/product_tag?post=31578"}],"curies":[{"name":"wp","href":"https:\/\/api.w.org\/{rel}","templated":true}]}}