{"id":31607,"date":"2020-06-04T02:45:16","date_gmt":"2020-06-04T00:45:16","guid":{"rendered":"https:\/\/softlinefurniture.com\/product\/city-25-p-canape\/"},"modified":"2026-03-11T13:43:48","modified_gmt":"2026-03-11T12:43:48","slug":"city-25-p-canape","status":"publish","type":"product","link":"https:\/\/softlinefurniture.com\/fr\/produit\/city-25-p-canape\/","title":{"rendered":"CITY 2,5 P Canap\u00e9"},"content":{"rendered":"<p><strong>D\u00e9tendez-vous et dormez bien<\/strong><br \/>\nSimple ou double? CITY est disponible en deux largeurs diff\u00e9rentes et est parfait pour un petit appartement ou une pi\u00e8ce qui a besoin d&#8217;un canap\u00e9 ou d&#8217;un fauteuil fonctionnel et relaxant qui se double d&#8217;un lit confortable. Il existe huit positions de dossier pour un confort maximal et un grand nombre de couleurs et de tissus au choix.<\/p>\n","protected":false},"excerpt":{"rendered":"<p>D\u00e9tendez-vous et dormez bien Simple ou double? CITY est disponible en deux largeurs diff\u00e9rentes et est parfait pour un petit appartement ou une pi\u00e8ce qui a besoin d&#8217;un canap\u00e9 ou d&#8217;un fauteuil fonctionnel et relaxant qui se double d&#8217;un lit confortable. Il existe huit positions de dossier pour un confort maximal et un grand nombre [&hellip;]<\/p>\n","protected":false},"featured_media":42368,"comment_status":"closed","ping_status":"closed","template":"","meta":{"_acf_changed":false},"product_brand":[48371],"product_cat":[6269,6266],"product_tag":[6273,34678],"class_list":{"0":"post-31607","1":"product","2":"type-product","3":"status-publish","4":"has-post-thumbnail","6":"product_brand-city","7":"product_cat-canape-lit","8":"product_cat-canapes","9":"product_tag-fonction","10":"product_tag-sofa-fr","11":"pa_covers-nettoyage-les-housses-ayant-le-symbole-p-peuvent-etre-nettoyees-a-sec-des-housses-supplementaires-peuvent-etre-commandees-si-vous-souhaitez-une-nouvelle-couleur-ou-un-autre-tissu","13":"first","14":"instock","15":"shipping-taxable","16":"purchasable","17":"product-type-variable"},"acf":[],"_links":{"self":[{"href":"https:\/\/softlinefurniture.com\/fr\/wp-json\/wp\/v2\/product\/31607","targetHints":{"allow":["GET"]}}],"collection":[{"href":"https:\/\/softlinefurniture.com\/fr\/wp-json\/wp\/v2\/product"}],"about":[{"href":"https:\/\/softlinefurniture.com\/fr\/wp-json\/wp\/v2\/types\/product"}],"replies":[{"embeddable":true,"href":"https:\/\/softlinefurniture.com\/fr\/wp-json\/wp\/v2\/comments?post=31607"}],"version-history":[{"count":0,"href":"https:\/\/softlinefurniture.com\/fr\/wp-json\/wp\/v2\/product\/31607\/revisions"}],"wp:featuredmedia":[{"embeddable":true,"href":"https:\/\/softlinefurniture.com\/fr\/wp-json\/wp\/v2\/media\/42368"}],"wp:attachment":[{"href":"https:\/\/softlinefurniture.com\/fr\/wp-json\/wp\/v2\/media?parent=31607"}],"wp:term":[{"taxonomy":"product_brand","embeddable":true,"href":"https:\/\/softlinefurniture.com\/fr\/wp-json\/wp\/v2\/product_brand?post=31607"},{"taxonomy":"product_cat","embeddable":true,"href":"https:\/\/softlinefurniture.com\/fr\/wp-json\/wp\/v2\/product_cat?post=31607"},{"taxonomy":"product_tag","embeddable":true,"href":"https:\/\/softlinefurniture.com\/fr\/wp-json\/wp\/v2\/product_tag?post=31607"}],"curies":[{"name":"wp","href":"https:\/\/api.w.org\/{rel}","templated":true}]}}