{"id":31622,"date":"2020-05-13T09:22:06","date_gmt":"2020-05-13T07:22:06","guid":{"rendered":"https:\/\/softlinefurniture.com\/product\/clay-pouf\/"},"modified":"2025-07-08T04:16:55","modified_gmt":"2025-07-08T02:16:55","slug":"clay-pouf","status":"publish","type":"product","link":"https:\/\/softlinefurniture.com\/fr\/produit\/clay-pouf\/","title":{"rendered":"CLAY Pouf"},"content":{"rendered":"<p><strong>Formes douces<\/strong><br \/>\nLe concept des assises CLAY propose une expression forte et sculpturale qui ajoute une touche fra\u00eeche et moderne aux espaces priv\u00e9s ou publics. Le design organique et la couture continue sur le bord des coussins lui procurent un aspect \u00e9l\u00e9gant et minimaliste. Avec son rembourrage doux et confortable, CLAY est l\u2019endroit id\u00e9al pour s\u2019installer et se d\u00e9tendre.<\/p>\n<p>Vainqueur du Good Design Award 2019<\/p>\n","protected":false},"excerpt":{"rendered":"<p>Formes douces Le concept des assises CLAY propose une expression forte et sculpturale qui ajoute une touche fra\u00eeche et moderne aux espaces priv\u00e9s ou publics. Le design organique et la couture continue sur le bord des coussins lui procurent un aspect \u00e9l\u00e9gant et minimaliste. Avec son rembourrage doux et confortable, CLAY est l\u2019endroit id\u00e9al pour [&hellip;]<\/p>\n","protected":false},"featured_media":5304,"comment_status":"closed","ping_status":"closed","template":"","meta":{"_acf_changed":false},"product_brand":[48255],"product_cat":[6244],"product_tag":[],"class_list":{"0":"post-31622","1":"product","2":"type-product","3":"status-publish","4":"has-post-thumbnail","6":"product_brand-clay","7":"product_cat-poufs-repose-pied","9":"first","10":"instock","11":"shipping-taxable","12":"purchasable","13":"product-type-variable"},"acf":[],"_links":{"self":[{"href":"https:\/\/softlinefurniture.com\/fr\/wp-json\/wp\/v2\/product\/31622","targetHints":{"allow":["GET"]}}],"collection":[{"href":"https:\/\/softlinefurniture.com\/fr\/wp-json\/wp\/v2\/product"}],"about":[{"href":"https:\/\/softlinefurniture.com\/fr\/wp-json\/wp\/v2\/types\/product"}],"replies":[{"embeddable":true,"href":"https:\/\/softlinefurniture.com\/fr\/wp-json\/wp\/v2\/comments?post=31622"}],"version-history":[{"count":0,"href":"https:\/\/softlinefurniture.com\/fr\/wp-json\/wp\/v2\/product\/31622\/revisions"}],"wp:featuredmedia":[{"embeddable":true,"href":"https:\/\/softlinefurniture.com\/fr\/wp-json\/wp\/v2\/media\/5304"}],"wp:attachment":[{"href":"https:\/\/softlinefurniture.com\/fr\/wp-json\/wp\/v2\/media?parent=31622"}],"wp:term":[{"taxonomy":"product_brand","embeddable":true,"href":"https:\/\/softlinefurniture.com\/fr\/wp-json\/wp\/v2\/product_brand?post=31622"},{"taxonomy":"product_cat","embeddable":true,"href":"https:\/\/softlinefurniture.com\/fr\/wp-json\/wp\/v2\/product_cat?post=31622"},{"taxonomy":"product_tag","embeddable":true,"href":"https:\/\/softlinefurniture.com\/fr\/wp-json\/wp\/v2\/product_tag?post=31622"}],"curies":[{"name":"wp","href":"https:\/\/api.w.org\/{rel}","templated":true}]}}