{"id":31655,"date":"2020-06-08T01:20:50","date_gmt":"2020-06-07T23:20:50","guid":{"rendered":"https:\/\/softlinefurniture.com\/product\/coco-fauteuil\/"},"modified":"2026-03-11T13:48:48","modified_gmt":"2026-03-11T12:48:48","slug":"coco-fauteuil","status":"publish","type":"product","link":"https:\/\/softlinefurniture.com\/fr\/produit\/coco-fauteuil\/","title":{"rendered":"COCO Fauteuil"},"content":{"rendered":"<p><strong>\u00c9l\u00e9gance polyvalente<\/strong><\/p>\n<p>Asseyez-vous et d\u00e9tendez-vous dans l&#8217;\u00e9l\u00e9gant fauteuil COCO. Les lignes d\u00e9finies et arrondies donnent \u00e0 ce fauteuil un chic intemporel qui se fond parfaitement dans n&#8217;importe quel environnement &#8211; priv\u00e9 ou public. Choisissez entre un certain nombre de tissus et de couleurs en fonction de votre d\u00e9coration int\u00e9rieure et de vos go\u00fbts.<\/p>\n","protected":false},"excerpt":{"rendered":"<p>\u00c9l\u00e9gance polyvalente Asseyez-vous et d\u00e9tendez-vous dans l&#8217;\u00e9l\u00e9gant fauteuil COCO. Les lignes d\u00e9finies et arrondies donnent \u00e0 ce fauteuil un chic intemporel qui se fond parfaitement dans n&#8217;importe quel environnement &#8211; priv\u00e9 ou public. Choisissez entre un certain nombre de tissus et de couleurs en fonction de votre d\u00e9coration int\u00e9rieure et de vos go\u00fbts.<\/p>\n","protected":false},"featured_media":42393,"comment_status":"closed","ping_status":"closed","template":"","meta":{"_acf_changed":false},"product_brand":[48375],"product_cat":[6240],"product_tag":[],"class_list":{"0":"post-31655","1":"product","2":"type-product","3":"status-publish","4":"has-post-thumbnail","6":"product_brand-coco","7":"product_cat-fauteuils-lounge","9":"first","10":"instock","11":"shipping-taxable","12":"purchasable","13":"product-type-variable"},"acf":[],"_links":{"self":[{"href":"https:\/\/softlinefurniture.com\/fr\/wp-json\/wp\/v2\/product\/31655","targetHints":{"allow":["GET"]}}],"collection":[{"href":"https:\/\/softlinefurniture.com\/fr\/wp-json\/wp\/v2\/product"}],"about":[{"href":"https:\/\/softlinefurniture.com\/fr\/wp-json\/wp\/v2\/types\/product"}],"replies":[{"embeddable":true,"href":"https:\/\/softlinefurniture.com\/fr\/wp-json\/wp\/v2\/comments?post=31655"}],"version-history":[{"count":0,"href":"https:\/\/softlinefurniture.com\/fr\/wp-json\/wp\/v2\/product\/31655\/revisions"}],"wp:featuredmedia":[{"embeddable":true,"href":"https:\/\/softlinefurniture.com\/fr\/wp-json\/wp\/v2\/media\/42393"}],"wp:attachment":[{"href":"https:\/\/softlinefurniture.com\/fr\/wp-json\/wp\/v2\/media?parent=31655"}],"wp:term":[{"taxonomy":"product_brand","embeddable":true,"href":"https:\/\/softlinefurniture.com\/fr\/wp-json\/wp\/v2\/product_brand?post=31655"},{"taxonomy":"product_cat","embeddable":true,"href":"https:\/\/softlinefurniture.com\/fr\/wp-json\/wp\/v2\/product_cat?post=31655"},{"taxonomy":"product_tag","embeddable":true,"href":"https:\/\/softlinefurniture.com\/fr\/wp-json\/wp\/v2\/product_tag?post=31655"}],"curies":[{"name":"wp","href":"https:\/\/api.w.org\/{rel}","templated":true}]}}