{"id":31694,"date":"2020-06-03T11:30:13","date_gmt":"2020-06-03T09:30:13","guid":{"rendered":"https:\/\/softlinefurniture.com\/product\/cut-pouf\/"},"modified":"2025-08-19T01:58:45","modified_gmt":"2025-08-18T23:58:45","slug":"cut-pouf","status":"publish","type":"product","link":"https:\/\/softlinefurniture.com\/fr\/produit\/cut-pouf\/","title":{"rendered":"CUT Pouf"},"content":{"rendered":"<p><strong>Tout rond<\/strong><br \/>\nAvec sa forme ronde et le placement asym\u00e9trique des coutures, CUT est un pouf au design unique qui s\u2019utilise parfaitement comme si\u00e8ge pratique seul ou en tant que partie d&#8217;un plus grand groupe de meubles. Sa forme ronde le rend polyvalent et facile \u00e0 placer n&#8217;importe o\u00f9, que ce soit au milieu de la pi\u00e8ce, dans les coins ou contre un mur. Les coutures ornementales sont le r\u00e9sultat de l\u2019approche cr\u00e9ative d&#8217;un probl\u00e8me pratique: faire en sorte que la housse \u00e9pouse parfaitement la forme ronde.<\/p>\n","protected":false},"excerpt":{"rendered":"<p>Tout rond Avec sa forme ronde et le placement asym\u00e9trique des coutures, CUT est un pouf au design unique qui s\u2019utilise parfaitement comme si\u00e8ge pratique seul ou en tant que partie d&#8217;un plus grand groupe de meubles. Sa forme ronde le rend polyvalent et facile \u00e0 placer n&#8217;importe o\u00f9, que ce soit au milieu de [&hellip;]<\/p>\n","protected":false},"featured_media":81164,"comment_status":"closed","ping_status":"closed","template":"","meta":{"_acf_changed":false},"product_brand":[48399],"product_cat":[6270,6244],"product_tag":[],"class_list":{"0":"post-31694","1":"product","2":"type-product","3":"status-publish","4":"has-post-thumbnail","6":"product_brand-cut","7":"product_cat-modes","8":"product_cat-poufs-repose-pied","9":"pa_covers-nettoyage-les-housses-ayant-le-symbole-p-peuvent-etre-nettoyees-a-sec-des-housses-supplementaires-peuvent-etre-commandees-si-vous-souhaitez-une-nouvelle-couleur-ou-un-autre-tissu","11":"first","12":"instock","13":"shipping-taxable","14":"purchasable","15":"product-type-variable"},"acf":[],"_links":{"self":[{"href":"https:\/\/softlinefurniture.com\/fr\/wp-json\/wp\/v2\/product\/31694","targetHints":{"allow":["GET"]}}],"collection":[{"href":"https:\/\/softlinefurniture.com\/fr\/wp-json\/wp\/v2\/product"}],"about":[{"href":"https:\/\/softlinefurniture.com\/fr\/wp-json\/wp\/v2\/types\/product"}],"replies":[{"embeddable":true,"href":"https:\/\/softlinefurniture.com\/fr\/wp-json\/wp\/v2\/comments?post=31694"}],"version-history":[{"count":0,"href":"https:\/\/softlinefurniture.com\/fr\/wp-json\/wp\/v2\/product\/31694\/revisions"}],"wp:featuredmedia":[{"embeddable":true,"href":"https:\/\/softlinefurniture.com\/fr\/wp-json\/wp\/v2\/media\/81164"}],"wp:attachment":[{"href":"https:\/\/softlinefurniture.com\/fr\/wp-json\/wp\/v2\/media?parent=31694"}],"wp:term":[{"taxonomy":"product_brand","embeddable":true,"href":"https:\/\/softlinefurniture.com\/fr\/wp-json\/wp\/v2\/product_brand?post=31694"},{"taxonomy":"product_cat","embeddable":true,"href":"https:\/\/softlinefurniture.com\/fr\/wp-json\/wp\/v2\/product_cat?post=31694"},{"taxonomy":"product_tag","embeddable":true,"href":"https:\/\/softlinefurniture.com\/fr\/wp-json\/wp\/v2\/product_tag?post=31694"}],"curies":[{"name":"wp","href":"https:\/\/api.w.org\/{rel}","templated":true}]}}