{"id":31707,"date":"2020-06-11T07:03:17","date_gmt":"2020-06-11T05:03:17","guid":{"rendered":"https:\/\/softlinefurniture.com\/product\/drum-plateau\/"},"modified":"2026-03-20T09:58:38","modified_gmt":"2026-03-20T08:58:38","slug":"drum-plateau","status":"publish","type":"product","link":"https:\/\/softlinefurniture.com\/fr\/produit\/drum-plateau\/","title":{"rendered":"DRUM Plateau"},"content":{"rendered":"<p><strong>Comment pouvons-nous vous \u00eatre utiles?<\/strong><br \/>\nEn cr\u00e9ant un ensemble dot\u00e9 de trois fonctions: pouf, table basse et plateau de service. Les poufs DRUM multifonctionnels sont parfaits pour habiller l&#8217;espace de vie d\u2019aujourd\u2019hui o\u00f9 l\u2019adaptabilit\u00e9 est devenu un ma\u00eetre mot. Placer le plateau sur le pouf pour obtenir une table basse chic, l&#8217;enlever si vous avez besoin d&#8217;un si\u00e8ge suppl\u00e9mentaire ou d\u2019un repose-jambes. DRUM est un \u00e9l\u00e9ment de mobilier fonctionnel et d\u00e9coratif. Le plateau est disponible en laque noire ou blanche, en fr\u00eane ou en noyer.<\/p>\n","protected":false},"excerpt":{"rendered":"<p>Comment pouvons-nous vous \u00eatre utiles? En cr\u00e9ant un ensemble dot\u00e9 de trois fonctions: pouf, table basse et plateau de service. Les poufs DRUM multifonctionnels sont parfaits pour habiller l&#8217;espace de vie d\u2019aujourd\u2019hui o\u00f9 l\u2019adaptabilit\u00e9 est devenu un ma\u00eetre mot. Placer le plateau sur le pouf pour obtenir une table basse chic, l&#8217;enlever si vous avez [&hellip;]<\/p>\n","protected":false},"featured_media":42443,"comment_status":"closed","ping_status":"closed","template":"","meta":{"_acf_changed":false},"product_brand":[48403],"product_cat":[6271],"product_tag":[],"class_list":{"0":"post-31707","1":"product","2":"type-product","3":"status-publish","4":"has-post-thumbnail","6":"product_brand-drum","7":"product_cat-tables-fr","9":"first","10":"instock","11":"shipping-taxable","12":"purchasable","13":"product-type-variable"},"acf":[],"_links":{"self":[{"href":"https:\/\/softlinefurniture.com\/fr\/wp-json\/wp\/v2\/product\/31707","targetHints":{"allow":["GET"]}}],"collection":[{"href":"https:\/\/softlinefurniture.com\/fr\/wp-json\/wp\/v2\/product"}],"about":[{"href":"https:\/\/softlinefurniture.com\/fr\/wp-json\/wp\/v2\/types\/product"}],"replies":[{"embeddable":true,"href":"https:\/\/softlinefurniture.com\/fr\/wp-json\/wp\/v2\/comments?post=31707"}],"version-history":[{"count":0,"href":"https:\/\/softlinefurniture.com\/fr\/wp-json\/wp\/v2\/product\/31707\/revisions"}],"wp:featuredmedia":[{"embeddable":true,"href":"https:\/\/softlinefurniture.com\/fr\/wp-json\/wp\/v2\/media\/42443"}],"wp:attachment":[{"href":"https:\/\/softlinefurniture.com\/fr\/wp-json\/wp\/v2\/media?parent=31707"}],"wp:term":[{"taxonomy":"product_brand","embeddable":true,"href":"https:\/\/softlinefurniture.com\/fr\/wp-json\/wp\/v2\/product_brand?post=31707"},{"taxonomy":"product_cat","embeddable":true,"href":"https:\/\/softlinefurniture.com\/fr\/wp-json\/wp\/v2\/product_cat?post=31707"},{"taxonomy":"product_tag","embeddable":true,"href":"https:\/\/softlinefurniture.com\/fr\/wp-json\/wp\/v2\/product_tag?post=31707"}],"curies":[{"name":"wp","href":"https:\/\/api.w.org\/{rel}","templated":true}]}}