{"id":31710,"date":"2020-06-11T06:05:37","date_gmt":"2020-06-11T04:05:37","guid":{"rendered":"https:\/\/softlinefurniture.com\/product\/drum-pouf\/"},"modified":"2026-03-11T13:55:15","modified_gmt":"2026-03-11T12:55:15","slug":"drum-pouf","status":"publish","type":"product","link":"https:\/\/softlinefurniture.com\/fr\/produit\/drum-pouf\/","title":{"rendered":"DRUM Pouf"},"content":{"rendered":"<p><strong>Comment pouvons-nous vous \u00eatre utiles.<\/strong><\/p>\n<p>En cr\u00e9ant un ensemble dot\u00e9 de trois fonctions: pouf, table basse et plateau de service. Les poufs DRUM multifonctionnels sont parfaits pour habiller l&#8217;espace de vie d\u2019aujourd\u2019hui o\u00f9 l\u2019adaptabilit\u00e9 est devenu un ma\u00eetre mot. Placer le plateau sur le pouf pour obtenir une table basse chic, l&#8217;enlever si vous avez besoin d&#8217;un si\u00e8ge suppl\u00e9mentaire ou d\u2019un repose-jambes. DRUM est un \u00e9l\u00e9ment de mobilier fonctionnel et d\u00e9coratif. Le plateau est disponible en laque noire ou blanche, en fr\u00eane ou en noyer.<\/p>\n","protected":false},"excerpt":{"rendered":"<p>Comment pouvons-nous vous \u00eatre utiles. En cr\u00e9ant un ensemble dot\u00e9 de trois fonctions: pouf, table basse et plateau de service. Les poufs DRUM multifonctionnels sont parfaits pour habiller l&#8217;espace de vie d\u2019aujourd\u2019hui o\u00f9 l\u2019adaptabilit\u00e9 est devenu un ma\u00eetre mot. Placer le plateau sur le pouf pour obtenir une table basse chic, l&#8217;enlever si vous avez [&hellip;]<\/p>\n","protected":false},"featured_media":95250,"comment_status":"closed","ping_status":"closed","template":"","meta":{"_acf_changed":false},"product_brand":[48403],"product_cat":[6244],"product_tag":[],"class_list":{"0":"post-31710","1":"product","2":"type-product","3":"status-publish","4":"has-post-thumbnail","6":"product_brand-drum","7":"product_cat-poufs-repose-pied","8":"pa_covers-nettoyage-les-housses-ayant-le-symbole-p-peuvent-etre-nettoyees-a-sec-des-housses-supplementaires-peuvent-etre-commandees-si-vous-souhaitez-une-nouvelle-couleur-ou-un-autre-tissu","10":"first","11":"instock","12":"shipping-taxable","13":"purchasable","14":"product-type-variable"},"acf":[],"_links":{"self":[{"href":"https:\/\/softlinefurniture.com\/fr\/wp-json\/wp\/v2\/product\/31710","targetHints":{"allow":["GET"]}}],"collection":[{"href":"https:\/\/softlinefurniture.com\/fr\/wp-json\/wp\/v2\/product"}],"about":[{"href":"https:\/\/softlinefurniture.com\/fr\/wp-json\/wp\/v2\/types\/product"}],"replies":[{"embeddable":true,"href":"https:\/\/softlinefurniture.com\/fr\/wp-json\/wp\/v2\/comments?post=31710"}],"version-history":[{"count":0,"href":"https:\/\/softlinefurniture.com\/fr\/wp-json\/wp\/v2\/product\/31710\/revisions"}],"wp:featuredmedia":[{"embeddable":true,"href":"https:\/\/softlinefurniture.com\/fr\/wp-json\/wp\/v2\/media\/95250"}],"wp:attachment":[{"href":"https:\/\/softlinefurniture.com\/fr\/wp-json\/wp\/v2\/media?parent=31710"}],"wp:term":[{"taxonomy":"product_brand","embeddable":true,"href":"https:\/\/softlinefurniture.com\/fr\/wp-json\/wp\/v2\/product_brand?post=31710"},{"taxonomy":"product_cat","embeddable":true,"href":"https:\/\/softlinefurniture.com\/fr\/wp-json\/wp\/v2\/product_cat?post=31710"},{"taxonomy":"product_tag","embeddable":true,"href":"https:\/\/softlinefurniture.com\/fr\/wp-json\/wp\/v2\/product_tag?post=31710"}],"curies":[{"name":"wp","href":"https:\/\/api.w.org\/{rel}","templated":true}]}}