{"id":31739,"date":"2020-06-08T18:38:25","date_gmt":"2020-06-08T16:38:25","guid":{"rendered":"https:\/\/softlinefurniture.com\/product\/easy-pouf-chaise-longue\/"},"modified":"2026-03-11T13:56:43","modified_gmt":"2026-03-11T12:56:43","slug":"easy-pouf-chaise-de-repos","status":"publish","type":"product","link":"https:\/\/softlinefurniture.com\/fr\/produit\/easy-pouf-chaise-de-repos\/","title":{"rendered":"EASY Pouf\/Chaise de repos"},"content":{"rendered":"<p><strong>D\u00e9tendez vous dans un confort \u00e9l\u00e9gant<\/strong><br \/>\nLes lignes courbes de EASY vous invitent \u00e0 la d\u00e9tente, bien install\u00e9 dans un confort relaxant. Son utilisation est polyvalente: pouf, table basse, si\u00e8ge, chaise longue. Pli\u00e9 ou ouvert, empil\u00e9 ou pas, il suffit de le manipuler pour d\u00e9couvrir les nombreuses possibilit\u00e9s qu\u2019il offre. Disponible en mat\u00e9riaux pour l&#8217;ext\u00e9rieur et pour l&#8217;int\u00e9rieur.<\/p>\n","protected":false},"excerpt":{"rendered":"<p>D\u00e9tendez vous dans un confort \u00e9l\u00e9gant Les lignes courbes de EASY vous invitent \u00e0 la d\u00e9tente, bien install\u00e9 dans un confort relaxant. Son utilisation est polyvalente: pouf, table basse, si\u00e8ge, chaise longue. Pli\u00e9 ou ouvert, empil\u00e9 ou pas, il suffit de le manipuler pour d\u00e9couvrir les nombreuses possibilit\u00e9s qu\u2019il offre. Disponible en mat\u00e9riaux pour l&#8217;ext\u00e9rieur [&hellip;]<\/p>\n","protected":false},"featured_media":42448,"comment_status":"closed","ping_status":"closed","template":"","meta":{"_acf_changed":false},"product_brand":[48411],"product_cat":[6238,6240,6243,6270,6244],"product_tag":[],"class_list":{"0":"post-31739","1":"product","2":"type-product","3":"status-publish","4":"has-post-thumbnail","6":"product_brand-easy","7":"product_cat-fauteuils","8":"product_cat-fauteuils-lounge","9":"product_cat-meubles-pour-lexterieur","10":"product_cat-modes","11":"product_cat-poufs-repose-pied","12":"pa_covers-nettoyage-les-housses-ayant-le-symbole-p-peuvent-etre-nettoyees-a-sec-des-housses-supplementaires-peuvent-etre-commandees-si-vous-souhaitez-une-nouvelle-couleur-ou-un-autre-tissu","14":"first","15":"instock","16":"shipping-taxable","17":"purchasable","18":"product-type-variable"},"acf":[],"_links":{"self":[{"href":"https:\/\/softlinefurniture.com\/fr\/wp-json\/wp\/v2\/product\/31739","targetHints":{"allow":["GET"]}}],"collection":[{"href":"https:\/\/softlinefurniture.com\/fr\/wp-json\/wp\/v2\/product"}],"about":[{"href":"https:\/\/softlinefurniture.com\/fr\/wp-json\/wp\/v2\/types\/product"}],"replies":[{"embeddable":true,"href":"https:\/\/softlinefurniture.com\/fr\/wp-json\/wp\/v2\/comments?post=31739"}],"version-history":[{"count":0,"href":"https:\/\/softlinefurniture.com\/fr\/wp-json\/wp\/v2\/product\/31739\/revisions"}],"wp:featuredmedia":[{"embeddable":true,"href":"https:\/\/softlinefurniture.com\/fr\/wp-json\/wp\/v2\/media\/42448"}],"wp:attachment":[{"href":"https:\/\/softlinefurniture.com\/fr\/wp-json\/wp\/v2\/media?parent=31739"}],"wp:term":[{"taxonomy":"product_brand","embeddable":true,"href":"https:\/\/softlinefurniture.com\/fr\/wp-json\/wp\/v2\/product_brand?post=31739"},{"taxonomy":"product_cat","embeddable":true,"href":"https:\/\/softlinefurniture.com\/fr\/wp-json\/wp\/v2\/product_cat?post=31739"},{"taxonomy":"product_tag","embeddable":true,"href":"https:\/\/softlinefurniture.com\/fr\/wp-json\/wp\/v2\/product_tag?post=31739"}],"curies":[{"name":"wp","href":"https:\/\/api.w.org\/{rel}","templated":true}]}}