{"id":31757,"date":"2020-06-12T02:19:58","date_gmt":"2020-06-12T00:19:58","guid":{"rendered":"https:\/\/softlinefurniture.com\/product\/evy-fauteuil\/"},"modified":"2026-03-11T13:59:45","modified_gmt":"2026-03-11T12:59:45","slug":"evy-fauteuil","status":"publish","type":"product","link":"https:\/\/softlinefurniture.com\/fr\/produit\/evy-fauteuil\/","title":{"rendered":"EVY Fauteuil"},"content":{"rendered":"<p><strong>Minimalisme maximal<\/strong><br \/>\nConfort et \u00e9l\u00e9gance sont r\u00e9unis dans cette nouvelle chaise longue EVY, con\u00e7ue par busk+hertzog. Un design simpliste et un minimum de mat\u00e9riaux ont \u00e9t\u00e9 utilis\u00e9s pour cr\u00e9er ce look \u00e9l\u00e9gant et moderne qui a fait la renomm\u00e9e de busk+hertzog. Ce fauteuil lounge d\u00e9fie notre perception des dimensions et laisse le grand dossier confortable contraster avec l&#8217;assise moins prononc\u00e9e et le cadre l\u00e9ger et a\u00e9r\u00e9.<\/p>\n<p>Vainqueur du Good Design Award 2020<\/p>\n","protected":false},"excerpt":{"rendered":"<p>Minimalisme maximal Confort et \u00e9l\u00e9gance sont r\u00e9unis dans cette nouvelle chaise longue EVY, con\u00e7ue par busk+hertzog. Un design simpliste et un minimum de mat\u00e9riaux ont \u00e9t\u00e9 utilis\u00e9s pour cr\u00e9er ce look \u00e9l\u00e9gant et moderne qui a fait la renomm\u00e9e de busk+hertzog. Ce fauteuil lounge d\u00e9fie notre perception des dimensions et laisse le grand dossier confortable [&hellip;]<\/p>\n","protected":false},"featured_media":44199,"comment_status":"closed","ping_status":"closed","template":"","meta":{"_acf_changed":false},"product_brand":[48427],"product_cat":[6240,6270],"product_tag":[],"class_list":{"0":"post-31757","1":"product","2":"type-product","3":"status-publish","4":"has-post-thumbnail","6":"product_brand-evy","7":"product_cat-fauteuils-lounge","8":"product_cat-modes","9":"pa_covers-nettoyage-les-housses-ayant-le-symbole-p-peuvent-etre-nettoyees-a-sec-des-housses-supplementaires-peuvent-etre-commandees-si-vous-souhaitez-une-nouvelle-couleur-ou-un-autre-tissu","11":"first","12":"instock","13":"shipping-taxable","14":"purchasable","15":"product-type-variable"},"acf":[],"_links":{"self":[{"href":"https:\/\/softlinefurniture.com\/fr\/wp-json\/wp\/v2\/product\/31757","targetHints":{"allow":["GET"]}}],"collection":[{"href":"https:\/\/softlinefurniture.com\/fr\/wp-json\/wp\/v2\/product"}],"about":[{"href":"https:\/\/softlinefurniture.com\/fr\/wp-json\/wp\/v2\/types\/product"}],"replies":[{"embeddable":true,"href":"https:\/\/softlinefurniture.com\/fr\/wp-json\/wp\/v2\/comments?post=31757"}],"version-history":[{"count":0,"href":"https:\/\/softlinefurniture.com\/fr\/wp-json\/wp\/v2\/product\/31757\/revisions"}],"wp:featuredmedia":[{"embeddable":true,"href":"https:\/\/softlinefurniture.com\/fr\/wp-json\/wp\/v2\/media\/44199"}],"wp:attachment":[{"href":"https:\/\/softlinefurniture.com\/fr\/wp-json\/wp\/v2\/media?parent=31757"}],"wp:term":[{"taxonomy":"product_brand","embeddable":true,"href":"https:\/\/softlinefurniture.com\/fr\/wp-json\/wp\/v2\/product_brand?post=31757"},{"taxonomy":"product_cat","embeddable":true,"href":"https:\/\/softlinefurniture.com\/fr\/wp-json\/wp\/v2\/product_cat?post=31757"},{"taxonomy":"product_tag","embeddable":true,"href":"https:\/\/softlinefurniture.com\/fr\/wp-json\/wp\/v2\/product_tag?post=31757"}],"curies":[{"name":"wp","href":"https:\/\/api.w.org\/{rel}","templated":true}]}}