{"id":31772,"date":"2020-06-12T04:04:15","date_gmt":"2020-06-12T02:04:15","guid":{"rendered":"https:\/\/softlinefurniture.com\/product\/fluid-chair-bean-bag\/"},"modified":"2026-03-11T14:00:16","modified_gmt":"2026-03-11T13:00:16","slug":"fluid-fauteuil","status":"publish","type":"product","link":"https:\/\/softlinefurniture.com\/fr\/produit\/fluid-fauteuil\/","title":{"rendered":"FLUID Fauteuil"},"content":{"rendered":"<p><strong>Une invitation \u00e0 la d\u00e9tente<\/strong><br \/>\nFluide est disponible en canap\u00e9 ou en fauteuil, confortable et relaxant, bas\u00e9 sur le principe du pouf. Il \u00e9pouse les formes de la personne assise gr\u00e2ce \u00e0 la texture de ses mat\u00e9riaux et il est incroyablement relaxant. L\u00e9ger et confortable, il est disponible en mat\u00e9riaux pour l&#8217;ext\u00e9rieur et pour l&#8217;int\u00e9rieur.<\/p>\n","protected":false},"excerpt":{"rendered":"<p>Une invitation \u00e0 la d\u00e9tente Fluide est disponible en canap\u00e9 ou en fauteuil, confortable et relaxant, bas\u00e9 sur le principe du pouf. Il \u00e9pouse les formes de la personne assise gr\u00e2ce \u00e0 la texture de ses mat\u00e9riaux et il est incroyablement relaxant. L\u00e9ger et confortable, il est disponible en mat\u00e9riaux pour l&#8217;ext\u00e9rieur et pour l&#8217;int\u00e9rieur.<\/p>\n","protected":false},"featured_media":42483,"comment_status":"closed","ping_status":"closed","template":"","meta":{"_acf_changed":false},"product_brand":[48431],"product_cat":[6240,6242,6243,6237],"product_tag":[],"class_list":{"0":"post-31772","1":"product","2":"type-product","3":"status-publish","4":"has-post-thumbnail","6":"product_brand-fluid","7":"product_cat-fauteuils-lounge","8":"product_cat-meubles-pour-enfants","9":"product_cat-meubles-pour-lexterieur","10":"product_cat-sacs-de-feves","11":"pa_covers-nettoyage-les-housses-ayant-le-symbole-p-peuvent-etre-nettoyees-a-sec-des-housses-supplementaires-peuvent-etre-commandees-si-vous-souhaitez-une-nouvelle-couleur-ou-un-autre-tissu","13":"first","14":"instock","15":"shipping-taxable","16":"purchasable","17":"product-type-variable"},"acf":[],"_links":{"self":[{"href":"https:\/\/softlinefurniture.com\/fr\/wp-json\/wp\/v2\/product\/31772","targetHints":{"allow":["GET"]}}],"collection":[{"href":"https:\/\/softlinefurniture.com\/fr\/wp-json\/wp\/v2\/product"}],"about":[{"href":"https:\/\/softlinefurniture.com\/fr\/wp-json\/wp\/v2\/types\/product"}],"replies":[{"embeddable":true,"href":"https:\/\/softlinefurniture.com\/fr\/wp-json\/wp\/v2\/comments?post=31772"}],"version-history":[{"count":0,"href":"https:\/\/softlinefurniture.com\/fr\/wp-json\/wp\/v2\/product\/31772\/revisions"}],"wp:featuredmedia":[{"embeddable":true,"href":"https:\/\/softlinefurniture.com\/fr\/wp-json\/wp\/v2\/media\/42483"}],"wp:attachment":[{"href":"https:\/\/softlinefurniture.com\/fr\/wp-json\/wp\/v2\/media?parent=31772"}],"wp:term":[{"taxonomy":"product_brand","embeddable":true,"href":"https:\/\/softlinefurniture.com\/fr\/wp-json\/wp\/v2\/product_brand?post=31772"},{"taxonomy":"product_cat","embeddable":true,"href":"https:\/\/softlinefurniture.com\/fr\/wp-json\/wp\/v2\/product_cat?post=31772"},{"taxonomy":"product_tag","embeddable":true,"href":"https:\/\/softlinefurniture.com\/fr\/wp-json\/wp\/v2\/product_tag?post=31772"}],"curies":[{"name":"wp","href":"https:\/\/api.w.org\/{rel}","templated":true}]}}