{"id":31779,"date":"2020-06-11T04:05:20","date_gmt":"2020-06-11T02:05:20","guid":{"rendered":"https:\/\/softlinefurniture.com\/product\/folia-table\/"},"modified":"2026-03-11T14:01:42","modified_gmt":"2026-03-11T13:01:42","slug":"folia-table","status":"publish","type":"product","link":"https:\/\/softlinefurniture.com\/fr\/produit\/folia-table\/","title":{"rendered":"FOLIA Table"},"content":{"rendered":"<p><strong>La nature s\u2019invite<\/strong><br \/>\nAvec sa structure fine et un plateau tripartite, la table FOLIA s&#8217;inspire de la forme d&#8217;un tr\u00e8fle. Elle est disponible en deux hauteurs et peut \u00eatre utilis\u00e9e seule, mais elle est encore plus belle si vous en rassemblez plusieurs ou si vous les disposez pour qu&#8217;elles se chevauchent. Le design est l\u00e9ger et a\u00e9r\u00e9, et l&#8217;inspiration de la nature est facilement reconnaissable.<\/p>\n","protected":false},"excerpt":{"rendered":"<p>La nature s\u2019invite Avec sa structure fine et un plateau tripartite, la table FOLIA s&#8217;inspire de la forme d&#8217;un tr\u00e8fle. Elle est disponible en deux hauteurs et peut \u00eatre utilis\u00e9e seule, mais elle est encore plus belle si vous en rassemblez plusieurs ou si vous les disposez pour qu&#8217;elles se chevauchent. Le design est l\u00e9ger [&hellip;]<\/p>\n","protected":false},"featured_media":42503,"comment_status":"closed","ping_status":"closed","template":"","meta":{"_acf_changed":false},"product_brand":[48439],"product_cat":[6270,6271],"product_tag":[],"class_list":{"0":"post-31779","1":"product","2":"type-product","3":"status-publish","4":"has-post-thumbnail","6":"product_brand-folia","7":"product_cat-modes","8":"product_cat-tables-fr","10":"first","11":"instock","12":"shipping-taxable","13":"purchasable","14":"product-type-variable"},"acf":[],"_links":{"self":[{"href":"https:\/\/softlinefurniture.com\/fr\/wp-json\/wp\/v2\/product\/31779","targetHints":{"allow":["GET"]}}],"collection":[{"href":"https:\/\/softlinefurniture.com\/fr\/wp-json\/wp\/v2\/product"}],"about":[{"href":"https:\/\/softlinefurniture.com\/fr\/wp-json\/wp\/v2\/types\/product"}],"replies":[{"embeddable":true,"href":"https:\/\/softlinefurniture.com\/fr\/wp-json\/wp\/v2\/comments?post=31779"}],"version-history":[{"count":0,"href":"https:\/\/softlinefurniture.com\/fr\/wp-json\/wp\/v2\/product\/31779\/revisions"}],"wp:featuredmedia":[{"embeddable":true,"href":"https:\/\/softlinefurniture.com\/fr\/wp-json\/wp\/v2\/media\/42503"}],"wp:attachment":[{"href":"https:\/\/softlinefurniture.com\/fr\/wp-json\/wp\/v2\/media?parent=31779"}],"wp:term":[{"taxonomy":"product_brand","embeddable":true,"href":"https:\/\/softlinefurniture.com\/fr\/wp-json\/wp\/v2\/product_brand?post=31779"},{"taxonomy":"product_cat","embeddable":true,"href":"https:\/\/softlinefurniture.com\/fr\/wp-json\/wp\/v2\/product_cat?post=31779"},{"taxonomy":"product_tag","embeddable":true,"href":"https:\/\/softlinefurniture.com\/fr\/wp-json\/wp\/v2\/product_tag?post=31779"}],"curies":[{"name":"wp","href":"https:\/\/api.w.org\/{rel}","templated":true}]}}