{"id":31787,"date":"2020-06-08T23:05:53","date_gmt":"2020-06-08T21:05:53","guid":{"rendered":"https:\/\/softlinefurniture.com\/product\/frame-canape-lit\/"},"modified":"2026-03-11T14:01:57","modified_gmt":"2026-03-11T13:01:57","slug":"frame-canape-lit","status":"publish","type":"product","link":"https:\/\/softlinefurniture.com\/fr\/produit\/frame-canape-lit\/","title":{"rendered":"FRAME Canap\u00e9-lit"},"content":{"rendered":"<p><strong>El\u00e9gante m\u00e9ridienne nordique<\/strong><br \/>\nLe lit de jour FRAME est \u00e9l\u00e9gamment con\u00e7u pour s&#8217;adapter \u00e0 n&#8217;importe quelle pi\u00e8ce. Les pi\u00e9tements bois cr\u00e9ent un aspect original, naturel et nordique. FRAME s&#8217;adapte \u00e0 vos besoins, \u00e0 votre maison ou votre bureau &#8211; comme canap\u00e9, lit de repos ou lit simple ou double.<\/p>\n","protected":false},"excerpt":{"rendered":"<p>El\u00e9gante m\u00e9ridienne nordique Le lit de jour FRAME est \u00e9l\u00e9gamment con\u00e7u pour s&#8217;adapter \u00e0 n&#8217;importe quelle pi\u00e8ce. Les pi\u00e9tements bois cr\u00e9ent un aspect original, naturel et nordique. FRAME s&#8217;adapte \u00e0 vos besoins, \u00e0 votre maison ou votre bureau &#8211; comme canap\u00e9, lit de repos ou lit simple ou double.<\/p>\n","protected":false},"featured_media":13049,"comment_status":"closed","ping_status":"closed","template":"","meta":{"_acf_changed":false},"product_brand":[48443],"product_cat":[6269,6267,6270],"product_tag":[6273,34678],"class_list":{"0":"post-31787","1":"product","2":"type-product","3":"status-publish","4":"has-post-thumbnail","6":"product_brand-frame","7":"product_cat-canape-lit","8":"product_cat-chaise-longue","9":"product_cat-modes","10":"product_tag-fonction","11":"product_tag-sofa-fr","12":"pa_covers-nettoyage-les-housses-ayant-le-symbole-p-peuvent-etre-nettoyees-a-sec-des-housses-supplementaires-peuvent-etre-commandees-si-vous-souhaitez-une-nouvelle-couleur-ou-un-autre-tissu","14":"first","15":"instock","16":"shipping-taxable","17":"purchasable","18":"product-type-variable"},"acf":[],"_links":{"self":[{"href":"https:\/\/softlinefurniture.com\/fr\/wp-json\/wp\/v2\/product\/31787","targetHints":{"allow":["GET"]}}],"collection":[{"href":"https:\/\/softlinefurniture.com\/fr\/wp-json\/wp\/v2\/product"}],"about":[{"href":"https:\/\/softlinefurniture.com\/fr\/wp-json\/wp\/v2\/types\/product"}],"replies":[{"embeddable":true,"href":"https:\/\/softlinefurniture.com\/fr\/wp-json\/wp\/v2\/comments?post=31787"}],"version-history":[{"count":0,"href":"https:\/\/softlinefurniture.com\/fr\/wp-json\/wp\/v2\/product\/31787\/revisions"}],"wp:featuredmedia":[{"embeddable":true,"href":"https:\/\/softlinefurniture.com\/fr\/wp-json\/wp\/v2\/media\/13049"}],"wp:attachment":[{"href":"https:\/\/softlinefurniture.com\/fr\/wp-json\/wp\/v2\/media?parent=31787"}],"wp:term":[{"taxonomy":"product_brand","embeddable":true,"href":"https:\/\/softlinefurniture.com\/fr\/wp-json\/wp\/v2\/product_brand?post=31787"},{"taxonomy":"product_cat","embeddable":true,"href":"https:\/\/softlinefurniture.com\/fr\/wp-json\/wp\/v2\/product_cat?post=31787"},{"taxonomy":"product_tag","embeddable":true,"href":"https:\/\/softlinefurniture.com\/fr\/wp-json\/wp\/v2\/product_tag?post=31787"}],"curies":[{"name":"wp","href":"https:\/\/api.w.org\/{rel}","templated":true}]}}