{"id":31802,"date":"2020-06-07T07:00:07","date_gmt":"2020-06-07T05:00:07","guid":{"rendered":"https:\/\/softlinefurniture.com\/product\/groove-fauteuil\/"},"modified":"2026-03-11T14:02:51","modified_gmt":"2026-03-11T13:02:51","slug":"groove-fauteuil","status":"publish","type":"product","link":"https:\/\/softlinefurniture.com\/fr\/produit\/groove-fauteuil\/","title":{"rendered":"GROOVE Fauteuil"},"content":{"rendered":"<p><strong>Pour \u00e9quiper n\u2019importe quel type d\u2019habitat<\/strong><br \/>\nGROOVE est incroyablement confortable et facile \u00e0 int\u00e9grer dans n&#8217;importe quel d\u00e9cor gr\u00e2ce \u00e0 son design classique et contemporain \u00e0 la fois. Choisissez simplement une couleur et un tissu qui correspondent \u00e0 vos projets de d\u00e9coration et le r\u00e9sultat sera assure.<\/p>\n","protected":false},"excerpt":{"rendered":"<p>Pour \u00e9quiper n\u2019importe quel type d\u2019habitat GROOVE est incroyablement confortable et facile \u00e0 int\u00e9grer dans n&#8217;importe quel d\u00e9cor gr\u00e2ce \u00e0 son design classique et contemporain \u00e0 la fois. Choisissez simplement une couleur et un tissu qui correspondent \u00e0 vos projets de d\u00e9coration et le r\u00e9sultat sera assure.<\/p>\n","protected":false},"featured_media":44244,"comment_status":"closed","ping_status":"closed","template":"","meta":{"_acf_changed":false},"product_brand":[48451],"product_cat":[6240,6270],"product_tag":[],"class_list":{"0":"post-31802","1":"product","2":"type-product","3":"status-publish","4":"has-post-thumbnail","6":"product_brand-groove","7":"product_cat-fauteuils-lounge","8":"product_cat-modes","9":"pa_covers-nettoyage-les-housses-ayant-le-symbole-p-peuvent-etre-nettoyees-a-sec-des-housses-supplementaires-peuvent-etre-commandees-si-vous-souhaitez-une-nouvelle-couleur-ou-un-autre-tissu","11":"first","12":"instock","13":"shipping-taxable","14":"purchasable","15":"product-type-variable"},"acf":[],"_links":{"self":[{"href":"https:\/\/softlinefurniture.com\/fr\/wp-json\/wp\/v2\/product\/31802","targetHints":{"allow":["GET"]}}],"collection":[{"href":"https:\/\/softlinefurniture.com\/fr\/wp-json\/wp\/v2\/product"}],"about":[{"href":"https:\/\/softlinefurniture.com\/fr\/wp-json\/wp\/v2\/types\/product"}],"replies":[{"embeddable":true,"href":"https:\/\/softlinefurniture.com\/fr\/wp-json\/wp\/v2\/comments?post=31802"}],"version-history":[{"count":0,"href":"https:\/\/softlinefurniture.com\/fr\/wp-json\/wp\/v2\/product\/31802\/revisions"}],"wp:featuredmedia":[{"embeddable":true,"href":"https:\/\/softlinefurniture.com\/fr\/wp-json\/wp\/v2\/media\/44244"}],"wp:attachment":[{"href":"https:\/\/softlinefurniture.com\/fr\/wp-json\/wp\/v2\/media?parent=31802"}],"wp:term":[{"taxonomy":"product_brand","embeddable":true,"href":"https:\/\/softlinefurniture.com\/fr\/wp-json\/wp\/v2\/product_brand?post=31802"},{"taxonomy":"product_cat","embeddable":true,"href":"https:\/\/softlinefurniture.com\/fr\/wp-json\/wp\/v2\/product_cat?post=31802"},{"taxonomy":"product_tag","embeddable":true,"href":"https:\/\/softlinefurniture.com\/fr\/wp-json\/wp\/v2\/product_tag?post=31802"}],"curies":[{"name":"wp","href":"https:\/\/api.w.org\/{rel}","templated":true}]}}