{"id":31823,"date":"2020-06-04T07:33:23","date_gmt":"2020-06-04T05:33:23","guid":{"rendered":"https:\/\/softlinefurniture.com\/product\/handy-lit-valise\/"},"modified":"2026-03-11T14:04:23","modified_gmt":"2026-03-11T13:04:23","slug":"handy-valise-pouf-matelas","status":"publish","type":"product","link":"https:\/\/softlinefurniture.com\/fr\/produit\/handy-valise-pouf-matelas\/","title":{"rendered":"HANDY Valise, pouf, matelas"},"content":{"rendered":"<p><strong>Une valise de possibilit\u00e9s<\/strong><br \/>\nLe lit-valise HANDY est fonctionnel et facile \u00e0 ranger et \u00e0 d\u00e9plier, ce qui le rend tr\u00e8s appreciable. Le matelas en trois \u00e9l\u00e9ments solidaires se d\u00e9plie en matelas de couchage: parfait pour votre invit\u00e9 ou pour que vos enfants y jouent pendant des heures<\/p>\n","protected":false},"excerpt":{"rendered":"<p>Une valise de possibilit\u00e9s Le lit-valise HANDY est fonctionnel et facile \u00e0 ranger et \u00e0 d\u00e9plier, ce qui le rend tr\u00e8s appreciable. Le matelas en trois \u00e9l\u00e9ments solidaires se d\u00e9plie en matelas de couchage: parfait pour votre invit\u00e9 ou pour que vos enfants y jouent pendant des heures<\/p>\n","protected":false},"featured_media":42533,"comment_status":"closed","ping_status":"closed","template":"","meta":{"_acf_changed":false},"product_brand":[48459],"product_cat":[6242,6270,6244,34638],"product_tag":[6273],"class_list":{"0":"post-31823","1":"product","2":"type-product","3":"status-publish","4":"has-post-thumbnail","6":"product_brand-handy","7":"product_cat-meubles-pour-enfants","8":"product_cat-modes","9":"product_cat-poufs-repose-pied","10":"product_cat-repose-pied-matelas","11":"product_tag-fonction","12":"pa_covers-nettoyage-les-housses-ayant-le-symbole-p-peuvent-etre-nettoyees-a-sec-des-housses-supplementaires-peuvent-etre-commandees-si-vous-souhaitez-une-nouvelle-couleur-ou-un-autre-tissu","14":"first","15":"instock","16":"shipping-taxable","17":"purchasable","18":"product-type-variable"},"acf":[],"_links":{"self":[{"href":"https:\/\/softlinefurniture.com\/fr\/wp-json\/wp\/v2\/product\/31823","targetHints":{"allow":["GET"]}}],"collection":[{"href":"https:\/\/softlinefurniture.com\/fr\/wp-json\/wp\/v2\/product"}],"about":[{"href":"https:\/\/softlinefurniture.com\/fr\/wp-json\/wp\/v2\/types\/product"}],"replies":[{"embeddable":true,"href":"https:\/\/softlinefurniture.com\/fr\/wp-json\/wp\/v2\/comments?post=31823"}],"version-history":[{"count":0,"href":"https:\/\/softlinefurniture.com\/fr\/wp-json\/wp\/v2\/product\/31823\/revisions"}],"wp:featuredmedia":[{"embeddable":true,"href":"https:\/\/softlinefurniture.com\/fr\/wp-json\/wp\/v2\/media\/42533"}],"wp:attachment":[{"href":"https:\/\/softlinefurniture.com\/fr\/wp-json\/wp\/v2\/media?parent=31823"}],"wp:term":[{"taxonomy":"product_brand","embeddable":true,"href":"https:\/\/softlinefurniture.com\/fr\/wp-json\/wp\/v2\/product_brand?post=31823"},{"taxonomy":"product_cat","embeddable":true,"href":"https:\/\/softlinefurniture.com\/fr\/wp-json\/wp\/v2\/product_cat?post=31823"},{"taxonomy":"product_tag","embeddable":true,"href":"https:\/\/softlinefurniture.com\/fr\/wp-json\/wp\/v2\/product_tag?post=31823"}],"curies":[{"name":"wp","href":"https:\/\/api.w.org\/{rel}","templated":true}]}}