{"id":31833,"date":"2020-06-09T00:20:25","date_gmt":"2020-06-08T22:20:25","guid":{"rendered":"https:\/\/softlinefurniture.com\/product\/havana-fauteuil\/"},"modified":"2026-03-11T14:04:23","modified_gmt":"2026-03-11T13:04:23","slug":"havana-fauteuil","status":"publish","type":"product","link":"https:\/\/softlinefurniture.com\/fr\/produit\/havana-fauteuil\/","title":{"rendered":"HAVANA Fauteuil"},"content":{"rendered":"<p><strong>Un nouveau classique<\/strong><\/p>\n<p>\u00c0 la recherche d&#8217;un fauteuil iconique pour la d\u00e9tente et la contemplation? HAVANA est un fauteuil classique enti\u00e8rement redessin\u00e9 fa\u00e7on futuriste avec des d\u00e9tails et des arrondis in\u00e9dits sans compromettre son confort. Comme son nom l&#8217;indique, HAVANA est synonyme de confort et de chaleur &#8211; avec ou sans cigare!<\/p>\n<p>&nbsp;<\/p>\n<p>Vainqueur du Interior Innovation Award 2014<\/p>\n<p>Vainqueur du Good Design Award 2014<\/p>\n","protected":false},"excerpt":{"rendered":"<p>Un nouveau classique \u00c0 la recherche d&#8217;un fauteuil iconique pour la d\u00e9tente et la contemplation? HAVANA est un fauteuil classique enti\u00e8rement redessin\u00e9 fa\u00e7on futuriste avec des d\u00e9tails et des arrondis in\u00e9dits sans compromettre son confort. Comme son nom l&#8217;indique, HAVANA est synonyme de confort et de chaleur &#8211; avec ou sans cigare! &nbsp; Vainqueur du [&hellip;]<\/p>\n","protected":false},"featured_media":42553,"comment_status":"closed","ping_status":"closed","template":"","meta":{"_acf_changed":false},"product_brand":[48463],"product_cat":[6240],"product_tag":[],"class_list":{"0":"post-31833","1":"product","2":"type-product","3":"status-publish","4":"has-post-thumbnail","6":"product_brand-havana","7":"product_cat-fauteuils-lounge","8":"pa_covers-nettoyage-les-housses-ayant-le-symbole-p-peuvent-etre-nettoyees-a-sec-des-housses-supplementaires-peuvent-etre-commandees-si-vous-souhaitez-une-nouvelle-couleur-ou-un-autre-tissu","10":"first","11":"instock","12":"shipping-taxable","13":"purchasable","14":"product-type-variable"},"acf":[],"_links":{"self":[{"href":"https:\/\/softlinefurniture.com\/fr\/wp-json\/wp\/v2\/product\/31833","targetHints":{"allow":["GET"]}}],"collection":[{"href":"https:\/\/softlinefurniture.com\/fr\/wp-json\/wp\/v2\/product"}],"about":[{"href":"https:\/\/softlinefurniture.com\/fr\/wp-json\/wp\/v2\/types\/product"}],"replies":[{"embeddable":true,"href":"https:\/\/softlinefurniture.com\/fr\/wp-json\/wp\/v2\/comments?post=31833"}],"version-history":[{"count":0,"href":"https:\/\/softlinefurniture.com\/fr\/wp-json\/wp\/v2\/product\/31833\/revisions"}],"wp:featuredmedia":[{"embeddable":true,"href":"https:\/\/softlinefurniture.com\/fr\/wp-json\/wp\/v2\/media\/42553"}],"wp:attachment":[{"href":"https:\/\/softlinefurniture.com\/fr\/wp-json\/wp\/v2\/media?parent=31833"}],"wp:term":[{"taxonomy":"product_brand","embeddable":true,"href":"https:\/\/softlinefurniture.com\/fr\/wp-json\/wp\/v2\/product_brand?post=31833"},{"taxonomy":"product_cat","embeddable":true,"href":"https:\/\/softlinefurniture.com\/fr\/wp-json\/wp\/v2\/product_cat?post=31833"},{"taxonomy":"product_tag","embeddable":true,"href":"https:\/\/softlinefurniture.com\/fr\/wp-json\/wp\/v2\/product_tag?post=31833"}],"curies":[{"name":"wp","href":"https:\/\/api.w.org\/{rel}","templated":true}]}}