{"id":31856,"date":"2020-06-09T01:22:50","date_gmt":"2020-06-08T23:22:50","guid":{"rendered":"https:\/\/softlinefurniture.com\/product\/havana-swivel-fauteuil\/"},"modified":"2026-03-11T14:07:27","modified_gmt":"2026-03-11T13:07:27","slug":"havana-swivel-fauteuil","status":"publish","type":"product","link":"https:\/\/softlinefurniture.com\/fr\/produit\/havana-swivel-fauteuil\/","title":{"rendered":"HAVANA Swivel Fauteuil"},"content":{"rendered":"<p>Le fauteuil HAVANA, tr\u00e8s populaire, est \u00e9galement disponible avec une base pivotante. Il reprend toutes les caract\u00e9ristiques et les qualit\u00e9s d&#8217;origine de HAVANA avec un design dynamique, moderne et l\u00e9ger, un confort exceptionnel et une finition exclusive.<\/p>\n<p>Vainqueur du Interior Innovation Award 2014<\/p>\n<p>Vainqueur du Good Design Award 2014<\/p>\n","protected":false},"excerpt":{"rendered":"<p>Le fauteuil HAVANA, tr\u00e8s populaire, est \u00e9galement disponible avec une base pivotante. Il reprend toutes les caract\u00e9ristiques et les qualit\u00e9s d&#8217;origine de HAVANA avec un design dynamique, moderne et l\u00e9ger, un confort exceptionnel et une finition exclusive. Vainqueur du Interior Innovation Award 2014 Vainqueur du Good Design Award 2014<\/p>\n","protected":false},"featured_media":42548,"comment_status":"closed","ping_status":"closed","template":"","meta":{"_acf_changed":false},"product_brand":[48467],"product_cat":[6240,47950],"product_tag":[],"class_list":{"0":"post-31856","1":"product","2":"type-product","3":"status-publish","4":"has-post-thumbnail","6":"product_brand-havana-swivel","7":"product_cat-fauteuils-lounge","8":"product_cat-fauteuils-pivontants","9":"pa_covers-nettoyage-les-housses-ayant-le-symbole-p-peuvent-etre-nettoyees-a-sec-des-housses-supplementaires-peuvent-etre-commandees-si-vous-souhaitez-une-nouvelle-couleur-ou-un-autre-tissu","11":"first","12":"instock","13":"shipping-taxable","14":"purchasable","15":"product-type-variable"},"acf":[],"_links":{"self":[{"href":"https:\/\/softlinefurniture.com\/fr\/wp-json\/wp\/v2\/product\/31856","targetHints":{"allow":["GET"]}}],"collection":[{"href":"https:\/\/softlinefurniture.com\/fr\/wp-json\/wp\/v2\/product"}],"about":[{"href":"https:\/\/softlinefurniture.com\/fr\/wp-json\/wp\/v2\/types\/product"}],"replies":[{"embeddable":true,"href":"https:\/\/softlinefurniture.com\/fr\/wp-json\/wp\/v2\/comments?post=31856"}],"version-history":[{"count":0,"href":"https:\/\/softlinefurniture.com\/fr\/wp-json\/wp\/v2\/product\/31856\/revisions"}],"wp:featuredmedia":[{"embeddable":true,"href":"https:\/\/softlinefurniture.com\/fr\/wp-json\/wp\/v2\/media\/42548"}],"wp:attachment":[{"href":"https:\/\/softlinefurniture.com\/fr\/wp-json\/wp\/v2\/media?parent=31856"}],"wp:term":[{"taxonomy":"product_brand","embeddable":true,"href":"https:\/\/softlinefurniture.com\/fr\/wp-json\/wp\/v2\/product_brand?post=31856"},{"taxonomy":"product_cat","embeddable":true,"href":"https:\/\/softlinefurniture.com\/fr\/wp-json\/wp\/v2\/product_cat?post=31856"},{"taxonomy":"product_tag","embeddable":true,"href":"https:\/\/softlinefurniture.com\/fr\/wp-json\/wp\/v2\/product_tag?post=31856"}],"curies":[{"name":"wp","href":"https:\/\/api.w.org\/{rel}","templated":true}]}}