{"id":31872,"date":"2020-06-04T09:48:32","date_gmt":"2020-06-04T07:48:32","guid":{"rendered":"https:\/\/softlinefurniture.com\/product\/hugo-fauteuil\/"},"modified":"2026-03-11T14:08:38","modified_gmt":"2026-03-11T13:08:38","slug":"hugo-fauteuil","status":"publish","type":"product","link":"https:\/\/softlinefurniture.com\/fr\/produit\/hugo-fauteuil\/","title":{"rendered":"HUGO Fauteuil"},"content":{"rendered":"<p><strong>Confortable et charmant<\/strong><br \/>\nHUGO est une chaise longue douillette en mousse et en tissu de haute qualit\u00e9. Avec son caract\u00e8re et son charme, HUGO est le choix \u00e9vident pour les amateurs de design si l\u2019on recherche une chaise autonome pour son int\u00e9rieur ou pour cr\u00e9er une ambiance lounge dans un espace public.<\/p>\n","protected":false},"excerpt":{"rendered":"<p>Confortable et charmant HUGO est une chaise longue douillette en mousse et en tissu de haute qualit\u00e9. Avec son caract\u00e8re et son charme, HUGO est le choix \u00e9vident pour les amateurs de design si l\u2019on recherche une chaise autonome pour son int\u00e9rieur ou pour cr\u00e9er une ambiance lounge dans un espace public.<\/p>\n","protected":false},"featured_media":44389,"comment_status":"closed","ping_status":"closed","template":"","meta":{"_acf_changed":false},"product_brand":[48479],"product_cat":[6240,6242,6270],"product_tag":[],"class_list":{"0":"post-31872","1":"product","2":"type-product","3":"status-publish","4":"has-post-thumbnail","6":"product_brand-hugo","7":"product_cat-fauteuils-lounge","8":"product_cat-meubles-pour-enfants","9":"product_cat-modes","10":"pa_covers-nettoyage-les-housses-ayant-le-symbole-p-peuvent-etre-nettoyees-a-sec-des-housses-supplementaires-peuvent-etre-commandees-si-vous-souhaitez-une-nouvelle-couleur-ou-un-autre-tissu","12":"first","13":"instock","14":"shipping-taxable","15":"purchasable","16":"product-type-variable"},"acf":[],"_links":{"self":[{"href":"https:\/\/softlinefurniture.com\/fr\/wp-json\/wp\/v2\/product\/31872","targetHints":{"allow":["GET"]}}],"collection":[{"href":"https:\/\/softlinefurniture.com\/fr\/wp-json\/wp\/v2\/product"}],"about":[{"href":"https:\/\/softlinefurniture.com\/fr\/wp-json\/wp\/v2\/types\/product"}],"replies":[{"embeddable":true,"href":"https:\/\/softlinefurniture.com\/fr\/wp-json\/wp\/v2\/comments?post=31872"}],"version-history":[{"count":0,"href":"https:\/\/softlinefurniture.com\/fr\/wp-json\/wp\/v2\/product\/31872\/revisions"}],"wp:featuredmedia":[{"embeddable":true,"href":"https:\/\/softlinefurniture.com\/fr\/wp-json\/wp\/v2\/media\/44389"}],"wp:attachment":[{"href":"https:\/\/softlinefurniture.com\/fr\/wp-json\/wp\/v2\/media?parent=31872"}],"wp:term":[{"taxonomy":"product_brand","embeddable":true,"href":"https:\/\/softlinefurniture.com\/fr\/wp-json\/wp\/v2\/product_brand?post=31872"},{"taxonomy":"product_cat","embeddable":true,"href":"https:\/\/softlinefurniture.com\/fr\/wp-json\/wp\/v2\/product_cat?post=31872"},{"taxonomy":"product_tag","embeddable":true,"href":"https:\/\/softlinefurniture.com\/fr\/wp-json\/wp\/v2\/product_tag?post=31872"}],"curies":[{"name":"wp","href":"https:\/\/api.w.org\/{rel}","templated":true}]}}