{"id":31890,"date":"2020-06-08T19:04:11","date_gmt":"2020-06-08T17:04:11","guid":{"rendered":"https:\/\/softlinefurniture.com\/product\/lake-pouf\/"},"modified":"2025-08-19T01:58:58","modified_gmt":"2025-08-18T23:58:58","slug":"lake-pouf","status":"publish","type":"product","link":"https:\/\/softlinefurniture.com\/fr\/produit\/lake-pouf\/","title":{"rendered":"LAKE Pouf"},"content":{"rendered":"<p><strong>Une touche graphique<\/strong><br \/>\nLAKE est un pouf asym\u00e9trique aux formes caract\u00e9ristiques facilement identifiables qui en font un \u00e9l\u00e9ment de d\u00e9coration \u00e0 lui seul. Dans le m\u00eame temps, LAKE est con\u00e7u pour s\u2019associer \u00e0 d\u2019autres \u00e9l\u00e9ments LAKE avec un effet surprenant. Regroup\u00e9s,ils cr\u00e9ent une \u00e9motion graphique originale et \u00e9quiperont utilement espaces priv\u00e9s et publics.<\/p>\n","protected":false},"excerpt":{"rendered":"<p>Une touche graphique LAKE est un pouf asym\u00e9trique aux formes caract\u00e9ristiques facilement identifiables qui en font un \u00e9l\u00e9ment de d\u00e9coration \u00e0 lui seul. Dans le m\u00eame temps, LAKE est con\u00e7u pour s\u2019associer \u00e0 d\u2019autres \u00e9l\u00e9ments LAKE avec un effet surprenant. Regroup\u00e9s,ils cr\u00e9ent une \u00e9motion graphique originale et \u00e9quiperont utilement espaces priv\u00e9s et publics.<\/p>\n","protected":false},"featured_media":42588,"comment_status":"closed","ping_status":"closed","template":"","meta":{"_acf_changed":false},"product_brand":[48495],"product_cat":[6270,6244],"product_tag":[],"class_list":{"0":"post-31890","1":"product","2":"type-product","3":"status-publish","4":"has-post-thumbnail","6":"product_brand-lake","7":"product_cat-modes","8":"product_cat-poufs-repose-pied","9":"pa_covers-removable-covers-cleaning-covers-can-be-dry-cleaned-as-they-have-been-given-the-symbol-p-extra-covers-can-be-purchased-if-you-need-a-new-colour-or-fabric-fr","11":"first","12":"instock","13":"shipping-taxable","14":"purchasable","15":"product-type-variable"},"acf":[],"_links":{"self":[{"href":"https:\/\/softlinefurniture.com\/fr\/wp-json\/wp\/v2\/product\/31890","targetHints":{"allow":["GET"]}}],"collection":[{"href":"https:\/\/softlinefurniture.com\/fr\/wp-json\/wp\/v2\/product"}],"about":[{"href":"https:\/\/softlinefurniture.com\/fr\/wp-json\/wp\/v2\/types\/product"}],"replies":[{"embeddable":true,"href":"https:\/\/softlinefurniture.com\/fr\/wp-json\/wp\/v2\/comments?post=31890"}],"version-history":[{"count":0,"href":"https:\/\/softlinefurniture.com\/fr\/wp-json\/wp\/v2\/product\/31890\/revisions"}],"wp:featuredmedia":[{"embeddable":true,"href":"https:\/\/softlinefurniture.com\/fr\/wp-json\/wp\/v2\/media\/42588"}],"wp:attachment":[{"href":"https:\/\/softlinefurniture.com\/fr\/wp-json\/wp\/v2\/media?parent=31890"}],"wp:term":[{"taxonomy":"product_brand","embeddable":true,"href":"https:\/\/softlinefurniture.com\/fr\/wp-json\/wp\/v2\/product_brand?post=31890"},{"taxonomy":"product_cat","embeddable":true,"href":"https:\/\/softlinefurniture.com\/fr\/wp-json\/wp\/v2\/product_cat?post=31890"},{"taxonomy":"product_tag","embeddable":true,"href":"https:\/\/softlinefurniture.com\/fr\/wp-json\/wp\/v2\/product_tag?post=31890"}],"curies":[{"name":"wp","href":"https:\/\/api.w.org\/{rel}","templated":true}]}}