{"id":31915,"date":"2020-06-13T21:47:14","date_gmt":"2020-06-13T19:47:14","guid":{"rendered":"https:\/\/softlinefurniture.com\/product\/lubi-rouleau-de-tete\/"},"modified":"2026-03-11T14:20:17","modified_gmt":"2026-03-11T13:20:17","slug":"lubi-traversin","status":"publish","type":"product","link":"https:\/\/softlinefurniture.com\/fr\/produit\/lubi-traversin\/","title":{"rendered":"LUBI Traversin"},"content":{"rendered":"<p><strong>M\u00e9ridienne classique et \u00e9l\u00e9gante<\/strong><br \/>\nLUBI s\u2019integrera dans n&#8217;importe quel d\u00e9cor. Ses lignes sont classiques et mais expriment la qualit\u00e9. LUBI est fonctionnel, pratique et peut \u00eatre utilis\u00e9 comme un canap\u00e9 ordinaire, une banquette-lit ou un lit simple ou double.<\/p>\n","protected":false},"excerpt":{"rendered":"<p>M\u00e9ridienne classique et \u00e9l\u00e9gante LUBI s\u2019integrera dans n&#8217;importe quel d\u00e9cor. Ses lignes sont classiques et mais expriment la qualit\u00e9. LUBI est fonctionnel, pratique et peut \u00eatre utilis\u00e9 comme un canap\u00e9 ordinaire, une banquette-lit ou un lit simple ou double.<\/p>\n","protected":false},"featured_media":21358,"comment_status":"closed","ping_status":"closed","template":"","meta":{"_acf_changed":false},"product_brand":[48523],"product_cat":[6236],"product_tag":[],"class_list":{"0":"post-31915","1":"product","2":"type-product","3":"status-publish","4":"has-post-thumbnail","6":"product_brand-lubi","7":"product_cat-coussins","8":"pa_covers-nettoyage-les-housses-ayant-le-symbole-p-peuvent-etre-nettoyees-a-sec-des-housses-supplementaires-peuvent-etre-commandees-si-vous-souhaitez-une-nouvelle-couleur-ou-un-autre-tissu","10":"first","11":"instock","12":"shipping-taxable","13":"purchasable","14":"product-type-variable"},"acf":[],"_links":{"self":[{"href":"https:\/\/softlinefurniture.com\/fr\/wp-json\/wp\/v2\/product\/31915","targetHints":{"allow":["GET"]}}],"collection":[{"href":"https:\/\/softlinefurniture.com\/fr\/wp-json\/wp\/v2\/product"}],"about":[{"href":"https:\/\/softlinefurniture.com\/fr\/wp-json\/wp\/v2\/types\/product"}],"replies":[{"embeddable":true,"href":"https:\/\/softlinefurniture.com\/fr\/wp-json\/wp\/v2\/comments?post=31915"}],"version-history":[{"count":0,"href":"https:\/\/softlinefurniture.com\/fr\/wp-json\/wp\/v2\/product\/31915\/revisions"}],"wp:featuredmedia":[{"embeddable":true,"href":"https:\/\/softlinefurniture.com\/fr\/wp-json\/wp\/v2\/media\/21358"}],"wp:attachment":[{"href":"https:\/\/softlinefurniture.com\/fr\/wp-json\/wp\/v2\/media?parent=31915"}],"wp:term":[{"taxonomy":"product_brand","embeddable":true,"href":"https:\/\/softlinefurniture.com\/fr\/wp-json\/wp\/v2\/product_brand?post=31915"},{"taxonomy":"product_cat","embeddable":true,"href":"https:\/\/softlinefurniture.com\/fr\/wp-json\/wp\/v2\/product_cat?post=31915"},{"taxonomy":"product_tag","embeddable":true,"href":"https:\/\/softlinefurniture.com\/fr\/wp-json\/wp\/v2\/product_tag?post=31915"}],"curies":[{"name":"wp","href":"https:\/\/api.w.org\/{rel}","templated":true}]}}