{"id":31942,"date":"2020-06-19T18:37:06","date_gmt":"2020-06-19T16:37:06","guid":{"rendered":"https:\/\/softlinefurniture.com\/product\/meu-swing\/"},"modified":"2026-03-11T14:21:09","modified_gmt":"2026-03-11T13:21:09","slug":"meu-balancoire","status":"publish","type":"product","link":"https:\/\/softlinefurniture.com\/fr\/produit\/meu-balancoire\/","title":{"rendered":"ME&#038;U Balan\u00e7oire"},"content":{"rendered":"<p><strong>Vous manquez d\u2019espace au sol?<\/strong><br \/>\nUtilisez la troisi\u00e8me dimension: la hauteur. ME&amp;U est une balan\u00e7oire d&#8217;int\u00e9rieur rembourr\u00e9e et suspendue au plafond par deux filins d\u2019acier \u00e0 hauteur r\u00e8glable. C&#8217;est un accessoire amusant qui engendre la bonne humeur. Il cr\u00e9e une atmosph\u00e8re ludique dans les salons ou dans les halls.<\/p>\n","protected":false},"excerpt":{"rendered":"<p>Vous manquez d\u2019espace au sol? Utilisez la troisi\u00e8me dimension: la hauteur. ME&amp;U est une balan\u00e7oire d&#8217;int\u00e9rieur rembourr\u00e9e et suspendue au plafond par deux filins d\u2019acier \u00e0 hauteur r\u00e8glable. C&#8217;est un accessoire amusant qui engendre la bonne humeur. Il cr\u00e9e une atmosph\u00e8re ludique dans les salons ou dans les halls.<\/p>\n","protected":false},"featured_media":101091,"comment_status":"closed","ping_status":"closed","template":"","meta":{"_acf_changed":false},"product_brand":[48543],"product_cat":[6238,6242,6270],"product_tag":[],"class_list":{"0":"post-31942","1":"product","2":"type-product","3":"status-publish","4":"has-post-thumbnail","6":"product_brand-meu","7":"product_cat-fauteuils","8":"product_cat-meubles-pour-enfants","9":"product_cat-modes","10":"pa_covers-removable-covers-cleaning-covers-can-be-dry-cleaned-as-they-have-been-given-the-symbol-p-extra-covers-can-be-purchased-if-you-need-a-new-colour-or-fabric-fr","12":"first","13":"instock","14":"shipping-taxable","15":"purchasable","16":"product-type-variable"},"acf":[],"_links":{"self":[{"href":"https:\/\/softlinefurniture.com\/fr\/wp-json\/wp\/v2\/product\/31942","targetHints":{"allow":["GET"]}}],"collection":[{"href":"https:\/\/softlinefurniture.com\/fr\/wp-json\/wp\/v2\/product"}],"about":[{"href":"https:\/\/softlinefurniture.com\/fr\/wp-json\/wp\/v2\/types\/product"}],"replies":[{"embeddable":true,"href":"https:\/\/softlinefurniture.com\/fr\/wp-json\/wp\/v2\/comments?post=31942"}],"version-history":[{"count":0,"href":"https:\/\/softlinefurniture.com\/fr\/wp-json\/wp\/v2\/product\/31942\/revisions"}],"wp:featuredmedia":[{"embeddable":true,"href":"https:\/\/softlinefurniture.com\/fr\/wp-json\/wp\/v2\/media\/101091"}],"wp:attachment":[{"href":"https:\/\/softlinefurniture.com\/fr\/wp-json\/wp\/v2\/media?parent=31942"}],"wp:term":[{"taxonomy":"product_brand","embeddable":true,"href":"https:\/\/softlinefurniture.com\/fr\/wp-json\/wp\/v2\/product_brand?post=31942"},{"taxonomy":"product_cat","embeddable":true,"href":"https:\/\/softlinefurniture.com\/fr\/wp-json\/wp\/v2\/product_cat?post=31942"},{"taxonomy":"product_tag","embeddable":true,"href":"https:\/\/softlinefurniture.com\/fr\/wp-json\/wp\/v2\/product_tag?post=31942"}],"curies":[{"name":"wp","href":"https:\/\/api.w.org\/{rel}","templated":true}]}}