{"id":31948,"date":"2020-06-14T03:52:41","date_gmt":"2020-06-14T01:52:41","guid":{"rendered":"https:\/\/softlinefurniture.com\/product\/meghan-canape\/"},"modified":"2026-03-11T14:22:32","modified_gmt":"2026-03-11T13:22:32","slug":"meghan-canape-lit","status":"publish","type":"product","link":"https:\/\/softlinefurniture.com\/fr\/produit\/meghan-canape-lit\/","title":{"rendered":"MEGHAN Canap\u00e9-lit"},"content":{"rendered":"<p><strong>Design compact et Classique<\/strong><br \/>\nLes accoudoirs et les pi\u00e9tements \u00e9troits procurent \u00e0 ce canap\u00e9 une allure sobre et \u00e9l\u00e9gante. Il est compact avec un design intemporel et classique qui lui permet d\u2019\u00eatre utilis\u00e9 comme un canap\u00e9 confortable pendant la journ\u00e9e et comme un lit pour deux personnes la nuit. MEGHAN poss\u00e8de une sellerie enti\u00e8rement amovible. Les pieds en acier sont laqu\u00e9 blanc ou couleur aluminium.<\/p>\n","protected":false},"excerpt":{"rendered":"<p>Design compact et Classique Les accoudoirs et les pi\u00e9tements \u00e9troits procurent \u00e0 ce canap\u00e9 une allure sobre et \u00e9l\u00e9gante. Il est compact avec un design intemporel et classique qui lui permet d\u2019\u00eatre utilis\u00e9 comme un canap\u00e9 confortable pendant la journ\u00e9e et comme un lit pour deux personnes la nuit. MEGHAN poss\u00e8de une sellerie enti\u00e8rement amovible. [&hellip;]<\/p>\n","protected":false},"featured_media":14697,"comment_status":"closed","ping_status":"closed","template":"","meta":{"_acf_changed":false},"product_brand":[48547],"product_cat":[6269,6270],"product_tag":[6273,34678],"class_list":{"0":"post-31948","1":"product","2":"type-product","3":"status-publish","4":"has-post-thumbnail","6":"product_brand-meghan","7":"product_cat-canape-lit","8":"product_cat-modes","9":"product_tag-fonction","10":"product_tag-sofa-fr","12":"first","13":"instock","14":"shipping-taxable","15":"purchasable","16":"product-type-variable"},"acf":[],"_links":{"self":[{"href":"https:\/\/softlinefurniture.com\/fr\/wp-json\/wp\/v2\/product\/31948","targetHints":{"allow":["GET"]}}],"collection":[{"href":"https:\/\/softlinefurniture.com\/fr\/wp-json\/wp\/v2\/product"}],"about":[{"href":"https:\/\/softlinefurniture.com\/fr\/wp-json\/wp\/v2\/types\/product"}],"replies":[{"embeddable":true,"href":"https:\/\/softlinefurniture.com\/fr\/wp-json\/wp\/v2\/comments?post=31948"}],"version-history":[{"count":0,"href":"https:\/\/softlinefurniture.com\/fr\/wp-json\/wp\/v2\/product\/31948\/revisions"}],"wp:featuredmedia":[{"embeddable":true,"href":"https:\/\/softlinefurniture.com\/fr\/wp-json\/wp\/v2\/media\/14697"}],"wp:attachment":[{"href":"https:\/\/softlinefurniture.com\/fr\/wp-json\/wp\/v2\/media?parent=31948"}],"wp:term":[{"taxonomy":"product_brand","embeddable":true,"href":"https:\/\/softlinefurniture.com\/fr\/wp-json\/wp\/v2\/product_brand?post=31948"},{"taxonomy":"product_cat","embeddable":true,"href":"https:\/\/softlinefurniture.com\/fr\/wp-json\/wp\/v2\/product_cat?post=31948"},{"taxonomy":"product_tag","embeddable":true,"href":"https:\/\/softlinefurniture.com\/fr\/wp-json\/wp\/v2\/product_tag?post=31948"}],"curies":[{"name":"wp","href":"https:\/\/api.w.org\/{rel}","templated":true}]}}