{"id":31954,"date":"2020-06-14T00:54:02","date_gmt":"2020-06-13T22:54:02","guid":{"rendered":"https:\/\/softlinefurniture.com\/product\/metro-canape\/"},"modified":"2026-03-11T14:22:47","modified_gmt":"2026-03-11T13:22:47","slug":"metro-canape-lit","status":"publish","type":"product","link":"https:\/\/softlinefurniture.com\/fr\/produit\/metro-canape-lit\/","title":{"rendered":"METRO Canap\u00e9-lit"},"content":{"rendered":"<p><strong>Pratique et moderne<\/strong><br \/>\nLe canap\u00e9 METRO trois places est robuste, confortable et \u00e9l\u00e9gant. Combinez-le avec d&#8217;autres meubles de notre collection pour cr\u00e9er un d\u00e9cor chic dans une ambiance moderne. METRO peut facilement se transformer en lit si n\u00e9cessaire.<\/p>\n","protected":false},"excerpt":{"rendered":"<p>Pratique et moderne Le canap\u00e9 METRO trois places est robuste, confortable et \u00e9l\u00e9gant. Combinez-le avec d&#8217;autres meubles de notre collection pour cr\u00e9er un d\u00e9cor chic dans une ambiance moderne. METRO peut facilement se transformer en lit si n\u00e9cessaire.<\/p>\n","protected":false},"featured_media":44759,"comment_status":"closed","ping_status":"closed","template":"","meta":{"_acf_changed":false},"product_brand":[48551],"product_cat":[6269,6270],"product_tag":[6273,34678],"class_list":{"0":"post-31954","1":"product","2":"type-product","3":"status-publish","4":"has-post-thumbnail","6":"product_brand-metro","7":"product_cat-canape-lit","8":"product_cat-modes","9":"product_tag-fonction","10":"product_tag-sofa-fr","11":"pa_covers-removable-covers-cleaning-covers-can-be-dry-cleaned-as-they-have-been-given-the-symbol-p-extra-covers-can-be-purchased-if-you-need-a-new-colour-or-fabric-fr","13":"first","14":"instock","15":"shipping-taxable","16":"purchasable","17":"product-type-variable"},"acf":[],"_links":{"self":[{"href":"https:\/\/softlinefurniture.com\/fr\/wp-json\/wp\/v2\/product\/31954","targetHints":{"allow":["GET"]}}],"collection":[{"href":"https:\/\/softlinefurniture.com\/fr\/wp-json\/wp\/v2\/product"}],"about":[{"href":"https:\/\/softlinefurniture.com\/fr\/wp-json\/wp\/v2\/types\/product"}],"replies":[{"embeddable":true,"href":"https:\/\/softlinefurniture.com\/fr\/wp-json\/wp\/v2\/comments?post=31954"}],"version-history":[{"count":0,"href":"https:\/\/softlinefurniture.com\/fr\/wp-json\/wp\/v2\/product\/31954\/revisions"}],"wp:featuredmedia":[{"embeddable":true,"href":"https:\/\/softlinefurniture.com\/fr\/wp-json\/wp\/v2\/media\/44759"}],"wp:attachment":[{"href":"https:\/\/softlinefurniture.com\/fr\/wp-json\/wp\/v2\/media?parent=31954"}],"wp:term":[{"taxonomy":"product_brand","embeddable":true,"href":"https:\/\/softlinefurniture.com\/fr\/wp-json\/wp\/v2\/product_brand?post=31954"},{"taxonomy":"product_cat","embeddable":true,"href":"https:\/\/softlinefurniture.com\/fr\/wp-json\/wp\/v2\/product_cat?post=31954"},{"taxonomy":"product_tag","embeddable":true,"href":"https:\/\/softlinefurniture.com\/fr\/wp-json\/wp\/v2\/product_tag?post=31954"}],"curies":[{"name":"wp","href":"https:\/\/api.w.org\/{rel}","templated":true}]}}