{"id":31967,"date":"2020-06-19T21:35:00","date_gmt":"2020-06-19T19:35:00","guid":{"rendered":"https:\/\/softlinefurniture.com\/product\/mirror-table\/"},"modified":"2026-03-16T11:18:39","modified_gmt":"2026-03-16T10:18:39","slug":"mirror-table","status":"publish","type":"product","link":"https:\/\/softlinefurniture.com\/fr\/produit\/mirror-table\/","title":{"rendered":"MIRROR Table"},"content":{"rendered":"<p><strong>Marquez votre style <\/strong><br \/>\nDisposez vos tables basses de mani\u00e8re cr\u00e9ative ou utilisez-les s\u00e9par\u00e9ment. MIRROR est disponible en deux tailles diff\u00e9rentes, et les pieds m\u00e9talliques peuvent \u00eatre assembl\u00e9s pour obtenir deux hauteurs diff\u00e9rentes selon vos besoins. Les plateaux de table en MDF sont laqu\u00e9s blanc brillant et les pi\u00e9tements en acier chrom\u00e9 brillant.<\/p>\n","protected":false},"excerpt":{"rendered":"<p>Marquez votre style Disposez vos tables basses de mani\u00e8re cr\u00e9ative ou utilisez-les s\u00e9par\u00e9ment. MIRROR est disponible en deux tailles diff\u00e9rentes, et les pieds m\u00e9talliques peuvent \u00eatre assembl\u00e9s pour obtenir deux hauteurs diff\u00e9rentes selon vos besoins. Les plateaux de table en MDF sont laqu\u00e9s blanc brillant et les pi\u00e9tements en acier chrom\u00e9 brillant.<\/p>\n","protected":false},"featured_media":97028,"comment_status":"closed","ping_status":"closed","template":"","meta":{"_acf_changed":false},"product_brand":[48559],"product_cat":[6270,6271],"product_tag":[],"class_list":{"0":"post-31967","1":"product","2":"type-product","3":"status-publish","4":"has-post-thumbnail","6":"product_brand-mirror","7":"product_cat-modes","8":"product_cat-tables-fr","10":"first","11":"instock","12":"shipping-taxable","13":"purchasable","14":"product-type-variable"},"acf":[],"_links":{"self":[{"href":"https:\/\/softlinefurniture.com\/fr\/wp-json\/wp\/v2\/product\/31967","targetHints":{"allow":["GET"]}}],"collection":[{"href":"https:\/\/softlinefurniture.com\/fr\/wp-json\/wp\/v2\/product"}],"about":[{"href":"https:\/\/softlinefurniture.com\/fr\/wp-json\/wp\/v2\/types\/product"}],"replies":[{"embeddable":true,"href":"https:\/\/softlinefurniture.com\/fr\/wp-json\/wp\/v2\/comments?post=31967"}],"version-history":[{"count":0,"href":"https:\/\/softlinefurniture.com\/fr\/wp-json\/wp\/v2\/product\/31967\/revisions"}],"wp:featuredmedia":[{"embeddable":true,"href":"https:\/\/softlinefurniture.com\/fr\/wp-json\/wp\/v2\/media\/97028"}],"wp:attachment":[{"href":"https:\/\/softlinefurniture.com\/fr\/wp-json\/wp\/v2\/media?parent=31967"}],"wp:term":[{"taxonomy":"product_brand","embeddable":true,"href":"https:\/\/softlinefurniture.com\/fr\/wp-json\/wp\/v2\/product_brand?post=31967"},{"taxonomy":"product_cat","embeddable":true,"href":"https:\/\/softlinefurniture.com\/fr\/wp-json\/wp\/v2\/product_cat?post=31967"},{"taxonomy":"product_tag","embeddable":true,"href":"https:\/\/softlinefurniture.com\/fr\/wp-json\/wp\/v2\/product_tag?post=31967"}],"curies":[{"name":"wp","href":"https:\/\/api.w.org\/{rel}","templated":true}]}}