{"id":31975,"date":"2020-06-05T22:51:54","date_gmt":"2020-06-05T20:51:54","guid":{"rendered":"https:\/\/softlinefurniture.com\/product\/monday-table\/"},"modified":"2026-03-11T14:24:38","modified_gmt":"2026-03-11T13:24:38","slug":"monday-table-basse","status":"publish","type":"product","link":"https:\/\/softlinefurniture.com\/fr\/produit\/monday-table-basse\/","title":{"rendered":"MONDAY Table basse"},"content":{"rendered":"<p><strong>Un savant \u00e9quilibre<\/strong><br \/>\nMONDAY est \u00e0 la fois une table basse et un bout de canap\u00e9 utilisable individuellement ou, mieux encore, en combinant deux \u00e9l\u00e9ments ou plus. La conception tr\u00e8s a\u00e9rienne de la table est simple et \u00e9l\u00e9gante avec une architecture \u00e9voquant des n\u00e9nuphars ou les plateaux d\u2019une balance. Sa construction originale fait de MONDAY un objet design int\u00e9ressant en lui-m\u00eame, ainsi qu\u2019un meuble pratique.<\/p>\n","protected":false},"excerpt":{"rendered":"<p>Un savant \u00e9quilibre MONDAY est \u00e0 la fois une table basse et un bout de canap\u00e9 utilisable individuellement ou, mieux encore, en combinant deux \u00e9l\u00e9ments ou plus. La conception tr\u00e8s a\u00e9rienne de la table est simple et \u00e9l\u00e9gante avec une architecture \u00e9voquant des n\u00e9nuphars ou les plateaux d\u2019une balance. Sa construction originale fait de MONDAY [&hellip;]<\/p>\n","protected":false},"featured_media":44844,"comment_status":"closed","ping_status":"closed","template":"","meta":{"_acf_changed":false},"product_brand":[48571],"product_cat":[6270,6271],"product_tag":[],"class_list":{"0":"post-31975","1":"product","2":"type-product","3":"status-publish","4":"has-post-thumbnail","6":"product_brand-monday","7":"product_cat-modes","8":"product_cat-tables-fr","10":"first","11":"instock","12":"shipping-taxable","13":"purchasable","14":"product-type-variable"},"acf":[],"_links":{"self":[{"href":"https:\/\/softlinefurniture.com\/fr\/wp-json\/wp\/v2\/product\/31975","targetHints":{"allow":["GET"]}}],"collection":[{"href":"https:\/\/softlinefurniture.com\/fr\/wp-json\/wp\/v2\/product"}],"about":[{"href":"https:\/\/softlinefurniture.com\/fr\/wp-json\/wp\/v2\/types\/product"}],"replies":[{"embeddable":true,"href":"https:\/\/softlinefurniture.com\/fr\/wp-json\/wp\/v2\/comments?post=31975"}],"version-history":[{"count":0,"href":"https:\/\/softlinefurniture.com\/fr\/wp-json\/wp\/v2\/product\/31975\/revisions"}],"wp:featuredmedia":[{"embeddable":true,"href":"https:\/\/softlinefurniture.com\/fr\/wp-json\/wp\/v2\/media\/44844"}],"wp:attachment":[{"href":"https:\/\/softlinefurniture.com\/fr\/wp-json\/wp\/v2\/media?parent=31975"}],"wp:term":[{"taxonomy":"product_brand","embeddable":true,"href":"https:\/\/softlinefurniture.com\/fr\/wp-json\/wp\/v2\/product_brand?post=31975"},{"taxonomy":"product_cat","embeddable":true,"href":"https:\/\/softlinefurniture.com\/fr\/wp-json\/wp\/v2\/product_cat?post=31975"},{"taxonomy":"product_tag","embeddable":true,"href":"https:\/\/softlinefurniture.com\/fr\/wp-json\/wp\/v2\/product_tag?post=31975"}],"curies":[{"name":"wp","href":"https:\/\/api.w.org\/{rel}","templated":true}]}}