{"id":31980,"date":"2020-06-19T07:17:47","date_gmt":"2020-06-19T05:17:47","guid":{"rendered":"https:\/\/softlinefurniture.com\/product\/nector-pouf\/"},"modified":"2025-08-19T01:59:08","modified_gmt":"2025-08-18T23:59:08","slug":"nector-pouf","status":"publish","type":"product","link":"https:\/\/softlinefurniture.com\/fr\/produit\/nector-pouf\/","title":{"rendered":"NECTOR Pouf"},"content":{"rendered":"<p><strong>Un si\u00e8ge universel<\/strong><br \/>\nC\u2019est un nouveau si\u00e8ge \u00e0 usages multiples qui peut \u00eatre utilis\u00e9 partout dans la maison. Sa conception utilise un savoir-faire maitris\u00e9 de fa\u00e7on innovante, et il trouvera partout sa place comme objet de d\u00e9coration, comme si\u00e8ge d\u2019appoint dans le hall, le salon ou la chambre d&#8217;un enfant et bien plus encore!<\/p>\n","protected":false},"excerpt":{"rendered":"<p>Un si\u00e8ge universel C\u2019est un nouveau si\u00e8ge \u00e0 usages multiples qui peut \u00eatre utilis\u00e9 partout dans la maison. Sa conception utilise un savoir-faire maitris\u00e9 de fa\u00e7on innovante, et il trouvera partout sa place comme objet de d\u00e9coration, comme si\u00e8ge d\u2019appoint dans le hall, le salon ou la chambre d&#8217;un enfant et bien plus encore!<\/p>\n","protected":false},"featured_media":42703,"comment_status":"closed","ping_status":"closed","template":"","meta":{"_acf_changed":false},"product_brand":[48575],"product_cat":[6242,6270,6244],"product_tag":[],"class_list":{"0":"post-31980","1":"product","2":"type-product","3":"status-publish","4":"has-post-thumbnail","6":"product_brand-nector","7":"product_cat-meubles-pour-enfants","8":"product_cat-modes","9":"product_cat-poufs-repose-pied","10":"pa_covers-nettoyage-les-housses-ayant-le-symbole-p-peuvent-etre-nettoyees-a-sec-des-housses-supplementaires-peuvent-etre-commandees-si-vous-souhaitez-une-nouvelle-couleur-ou-un-autre-tissu","12":"first","13":"instock","14":"shipping-taxable","15":"purchasable","16":"product-type-variable"},"acf":[],"_links":{"self":[{"href":"https:\/\/softlinefurniture.com\/fr\/wp-json\/wp\/v2\/product\/31980","targetHints":{"allow":["GET"]}}],"collection":[{"href":"https:\/\/softlinefurniture.com\/fr\/wp-json\/wp\/v2\/product"}],"about":[{"href":"https:\/\/softlinefurniture.com\/fr\/wp-json\/wp\/v2\/types\/product"}],"replies":[{"embeddable":true,"href":"https:\/\/softlinefurniture.com\/fr\/wp-json\/wp\/v2\/comments?post=31980"}],"version-history":[{"count":0,"href":"https:\/\/softlinefurniture.com\/fr\/wp-json\/wp\/v2\/product\/31980\/revisions"}],"wp:featuredmedia":[{"embeddable":true,"href":"https:\/\/softlinefurniture.com\/fr\/wp-json\/wp\/v2\/media\/42703"}],"wp:attachment":[{"href":"https:\/\/softlinefurniture.com\/fr\/wp-json\/wp\/v2\/media?parent=31980"}],"wp:term":[{"taxonomy":"product_brand","embeddable":true,"href":"https:\/\/softlinefurniture.com\/fr\/wp-json\/wp\/v2\/product_brand?post=31980"},{"taxonomy":"product_cat","embeddable":true,"href":"https:\/\/softlinefurniture.com\/fr\/wp-json\/wp\/v2\/product_cat?post=31980"},{"taxonomy":"product_tag","embeddable":true,"href":"https:\/\/softlinefurniture.com\/fr\/wp-json\/wp\/v2\/product_tag?post=31980"}],"curies":[{"name":"wp","href":"https:\/\/api.w.org\/{rel}","templated":true}]}}