{"id":31992,"date":"2020-06-08T01:53:24","date_gmt":"2020-06-07T23:53:24","guid":{"rendered":"https:\/\/softlinefurniture.com\/product\/nuuk\/"},"modified":"2026-03-11T14:30:07","modified_gmt":"2026-03-11T13:30:07","slug":"nuuk-fauteuil-pivotant-de-reunion-salle-a-manger","status":"publish","type":"product","link":"https:\/\/softlinefurniture.com\/fr\/produit\/nuuk-fauteuil-pivotant-de-reunion-salle-a-manger\/","title":{"rendered":"NUUK Fauteuil pivotant de r\u00e9union\/salle \u00e0 manger"},"content":{"rendered":"<p><strong>Asseyez-vous<\/strong><br \/>\nNUUK est fauteuil extr\u00eamement polyvalent et confortable. Avec ses accoudoirs int\u00e9gr\u00e9s aux formes organiques et une structure l\u00e9g\u00e8re mais caract\u00e9ristique, il est aussi bien chaise de salle \u00e0 manger que fauteuil visiteur dans le bureau. La taille et la forme de l&#8217;accoudoir rendent le fauteuil pratique et adapt\u00e9 autour d\u2019une table, tout en offrant beaucoup de confort pour s&#8217;asseoir et travailler. Le fauteuil est con\u00e7u pour \u00eatre accueillant dans un style perenne et moderne.<\/p>\n<p>Vainqueur du Good Design Award 2019<\/p>\n","protected":false},"excerpt":{"rendered":"<p>Asseyez-vous NUUK est fauteuil extr\u00eamement polyvalent et confortable. Avec ses accoudoirs int\u00e9gr\u00e9s aux formes organiques et une structure l\u00e9g\u00e8re mais caract\u00e9ristique, il est aussi bien chaise de salle \u00e0 manger que fauteuil visiteur dans le bureau. La taille et la forme de l&#8217;accoudoir rendent le fauteuil pratique et adapt\u00e9 autour d\u2019une table, tout en offrant [&hellip;]<\/p>\n","protected":false},"featured_media":101486,"comment_status":"closed","ping_status":"closed","template":"","meta":{"_acf_changed":false},"product_brand":[48607],"product_cat":[6239,6240,47950,6270],"product_tag":[],"class_list":{"0":"post-31992","1":"product","2":"type-product","3":"status-publish","4":"has-post-thumbnail","6":"product_brand-nuuk","7":"product_cat-fauteuils-de-reunion-salle-a-manger","8":"product_cat-fauteuils-lounge","9":"product_cat-fauteuils-pivontants","10":"product_cat-modes","12":"first","13":"instock","14":"shipping-taxable","15":"purchasable","16":"product-type-variable"},"acf":[],"_links":{"self":[{"href":"https:\/\/softlinefurniture.com\/fr\/wp-json\/wp\/v2\/product\/31992","targetHints":{"allow":["GET"]}}],"collection":[{"href":"https:\/\/softlinefurniture.com\/fr\/wp-json\/wp\/v2\/product"}],"about":[{"href":"https:\/\/softlinefurniture.com\/fr\/wp-json\/wp\/v2\/types\/product"}],"replies":[{"embeddable":true,"href":"https:\/\/softlinefurniture.com\/fr\/wp-json\/wp\/v2\/comments?post=31992"}],"version-history":[{"count":0,"href":"https:\/\/softlinefurniture.com\/fr\/wp-json\/wp\/v2\/product\/31992\/revisions"}],"wp:featuredmedia":[{"embeddable":true,"href":"https:\/\/softlinefurniture.com\/fr\/wp-json\/wp\/v2\/media\/101486"}],"wp:attachment":[{"href":"https:\/\/softlinefurniture.com\/fr\/wp-json\/wp\/v2\/media?parent=31992"}],"wp:term":[{"taxonomy":"product_brand","embeddable":true,"href":"https:\/\/softlinefurniture.com\/fr\/wp-json\/wp\/v2\/product_brand?post=31992"},{"taxonomy":"product_cat","embeddable":true,"href":"https:\/\/softlinefurniture.com\/fr\/wp-json\/wp\/v2\/product_cat?post=31992"},{"taxonomy":"product_tag","embeddable":true,"href":"https:\/\/softlinefurniture.com\/fr\/wp-json\/wp\/v2\/product_tag?post=31992"}],"curies":[{"name":"wp","href":"https:\/\/api.w.org\/{rel}","templated":true}]}}