{"id":31998,"date":"2020-06-08T20:33:13","date_gmt":"2020-06-08T18:33:13","guid":{"rendered":"https:\/\/softlinefurniture.com\/product\/pause-pouf\/"},"modified":"2025-08-19T01:59:10","modified_gmt":"2025-08-18T23:59:10","slug":"pause-pouf","status":"publish","type":"product","link":"https:\/\/softlinefurniture.com\/fr\/produit\/pause-pouf\/","title":{"rendered":"PAUSE Pouf"},"content":{"rendered":"<p><strong>Appuyez sur pause et amusez-vous<\/strong><br \/>\nPAUSE est un pouf qui peut \u00eatre utilis\u00e9 seul ou combin\u00e9 en groupes de trois unites ou plus pour le travail et les loisirs: un \u00e9l\u00e9ment souple et confortable avec des housses amovibles dans de nombreuses couleurs. Il existe d&#8217;innombrables fa\u00e7ons d&#8217;utiliser PAUSE dans les \u00e9coles, les jardins d&#8217;enfants, les lieux de travail, les centres de loisirs et les espaces priv\u00e9s. Soyez cr\u00e9atif et amusez-vous.<\/p>\n","protected":false},"excerpt":{"rendered":"<p>Appuyez sur pause et amusez-vous PAUSE est un pouf qui peut \u00eatre utilis\u00e9 seul ou combin\u00e9 en groupes de trois unites ou plus pour le travail et les loisirs: un \u00e9l\u00e9ment souple et confortable avec des housses amovibles dans de nombreuses couleurs. Il existe d&#8217;innombrables fa\u00e7ons d&#8217;utiliser PAUSE dans les \u00e9coles, les jardins d&#8217;enfants, les [&hellip;]<\/p>\n","protected":false},"featured_media":42878,"comment_status":"closed","ping_status":"closed","template":"","meta":{"_acf_changed":false},"product_brand":[48639],"product_cat":[6242,6270,6244],"product_tag":[],"class_list":{"0":"post-31998","1":"product","2":"type-product","3":"status-publish","4":"has-post-thumbnail","6":"product_brand-pause","7":"product_cat-meubles-pour-enfants","8":"product_cat-modes","9":"product_cat-poufs-repose-pied","10":"pa_covers-removable-covers-cleaning-covers-can-be-dry-cleaned-as-they-have-been-given-the-symbol-p-extra-covers-can-be-purchased-if-you-need-a-new-colour-or-fabric-fr","12":"first","13":"instock","14":"shipping-taxable","15":"purchasable","16":"product-type-variable"},"acf":[],"_links":{"self":[{"href":"https:\/\/softlinefurniture.com\/fr\/wp-json\/wp\/v2\/product\/31998","targetHints":{"allow":["GET"]}}],"collection":[{"href":"https:\/\/softlinefurniture.com\/fr\/wp-json\/wp\/v2\/product"}],"about":[{"href":"https:\/\/softlinefurniture.com\/fr\/wp-json\/wp\/v2\/types\/product"}],"replies":[{"embeddable":true,"href":"https:\/\/softlinefurniture.com\/fr\/wp-json\/wp\/v2\/comments?post=31998"}],"version-history":[{"count":0,"href":"https:\/\/softlinefurniture.com\/fr\/wp-json\/wp\/v2\/product\/31998\/revisions"}],"wp:featuredmedia":[{"embeddable":true,"href":"https:\/\/softlinefurniture.com\/fr\/wp-json\/wp\/v2\/media\/42878"}],"wp:attachment":[{"href":"https:\/\/softlinefurniture.com\/fr\/wp-json\/wp\/v2\/media?parent=31998"}],"wp:term":[{"taxonomy":"product_brand","embeddable":true,"href":"https:\/\/softlinefurniture.com\/fr\/wp-json\/wp\/v2\/product_brand?post=31998"},{"taxonomy":"product_cat","embeddable":true,"href":"https:\/\/softlinefurniture.com\/fr\/wp-json\/wp\/v2\/product_cat?post=31998"},{"taxonomy":"product_tag","embeddable":true,"href":"https:\/\/softlinefurniture.com\/fr\/wp-json\/wp\/v2\/product_tag?post=31998"}],"curies":[{"name":"wp","href":"https:\/\/api.w.org\/{rel}","templated":true}]}}