{"id":32029,"date":"2020-06-08T19:20:45","date_gmt":"2020-06-08T17:20:45","guid":{"rendered":"https:\/\/softlinefurniture.com\/product\/quadro-pouf\/"},"modified":"2025-08-19T01:59:13","modified_gmt":"2025-08-18T23:59:13","slug":"quadro-pouf","status":"publish","type":"product","link":"https:\/\/softlinefurniture.com\/fr\/produit\/quadro-pouf\/","title":{"rendered":"QUADRO Pouf"},"content":{"rendered":"<p><strong>Maroc moderne<\/strong><br \/>\nQUADRO est une interpr\u00e9tation scandinave moderne du coussin marocain traditionnel. Il peut \u00eatre utilis\u00e9 comme pouf confortable, comme repose-pied ou comme table d\u2019appoint.<\/p>\n","protected":false},"excerpt":{"rendered":"<p>Maroc moderne QUADRO est une interpr\u00e9tation scandinave moderne du coussin marocain traditionnel. Il peut \u00eatre utilis\u00e9 comme pouf confortable, comme repose-pied ou comme table d\u2019appoint.<\/p>\n","protected":false},"featured_media":97070,"comment_status":"closed","ping_status":"closed","template":"","meta":{"_acf_changed":false},"product_brand":[48659],"product_cat":[6270,6244],"product_tag":[],"class_list":{"0":"post-32029","1":"product","2":"type-product","3":"status-publish","4":"has-post-thumbnail","6":"product_brand-quadro","7":"product_cat-modes","8":"product_cat-poufs-repose-pied","9":"pa_covers-nettoyage-les-housses-ayant-le-symbole-p-peuvent-etre-nettoyees-a-sec-des-housses-supplementaires-peuvent-etre-commandees-si-vous-souhaitez-une-nouvelle-couleur-ou-un-autre-tissu","11":"first","12":"instock","13":"shipping-taxable","14":"purchasable","15":"product-type-variable"},"acf":[],"_links":{"self":[{"href":"https:\/\/softlinefurniture.com\/fr\/wp-json\/wp\/v2\/product\/32029","targetHints":{"allow":["GET"]}}],"collection":[{"href":"https:\/\/softlinefurniture.com\/fr\/wp-json\/wp\/v2\/product"}],"about":[{"href":"https:\/\/softlinefurniture.com\/fr\/wp-json\/wp\/v2\/types\/product"}],"replies":[{"embeddable":true,"href":"https:\/\/softlinefurniture.com\/fr\/wp-json\/wp\/v2\/comments?post=32029"}],"version-history":[{"count":0,"href":"https:\/\/softlinefurniture.com\/fr\/wp-json\/wp\/v2\/product\/32029\/revisions"}],"wp:featuredmedia":[{"embeddable":true,"href":"https:\/\/softlinefurniture.com\/fr\/wp-json\/wp\/v2\/media\/97070"}],"wp:attachment":[{"href":"https:\/\/softlinefurniture.com\/fr\/wp-json\/wp\/v2\/media?parent=32029"}],"wp:term":[{"taxonomy":"product_brand","embeddable":true,"href":"https:\/\/softlinefurniture.com\/fr\/wp-json\/wp\/v2\/product_brand?post=32029"},{"taxonomy":"product_cat","embeddable":true,"href":"https:\/\/softlinefurniture.com\/fr\/wp-json\/wp\/v2\/product_cat?post=32029"},{"taxonomy":"product_tag","embeddable":true,"href":"https:\/\/softlinefurniture.com\/fr\/wp-json\/wp\/v2\/product_tag?post=32029"}],"curies":[{"name":"wp","href":"https:\/\/api.w.org\/{rel}","templated":true}]}}