{"id":32041,"date":"2020-06-06T04:06:13","date_gmt":"2020-06-06T02:06:13","guid":{"rendered":"https:\/\/softlinefurniture.com\/product\/sand-fauteuil\/"},"modified":"2026-03-12T08:33:15","modified_gmt":"2026-03-12T07:33:15","slug":"sand-fauteuil","status":"publish","type":"product","link":"https:\/\/softlinefurniture.com\/fr\/produit\/sand-fauteuil\/","title":{"rendered":"SAND Fauteuil"},"content":{"rendered":"<p><strong>Une conception de pointe<\/strong><br \/>\nLa collection SAND est une conception avant-gardiste tir\u00e9e de l\u2019observation de la nature. L&#8217;inspiration principale vient de la fa\u00e7on dont l&#8217;eau transforme et fa\u00e7onne la pierre au fil du temps, et la mani\u00e8re dont le sable cr\u00e9e constamment de nouvelles formes. La collection SAND est un mobilier unique et fonctionnel engendrant un cadre confortable et paisible.<\/p>\n","protected":false},"excerpt":{"rendered":"<p>Une conception de pointe La collection SAND est une conception avant-gardiste tir\u00e9e de l\u2019observation de la nature. L&#8217;inspiration principale vient de la fa\u00e7on dont l&#8217;eau transforme et fa\u00e7onne la pierre au fil du temps, et la mani\u00e8re dont le sable cr\u00e9e constamment de nouvelles formes. La collection SAND est un mobilier unique et fonctionnel engendrant [&hellip;]<\/p>\n","protected":false},"featured_media":114613,"comment_status":"closed","ping_status":"closed","template":"","meta":{"_acf_changed":false},"product_brand":[48591],"product_cat":[6240],"product_tag":[],"class_list":{"0":"post-32041","1":"product","2":"type-product","3":"status-publish","4":"has-post-thumbnail","6":"product_brand-sand","7":"product_cat-fauteuils-lounge","8":"pa_covers-nettoyage-les-housses-ayant-le-symbole-p-peuvent-etre-nettoyees-a-sec-des-housses-supplementaires-peuvent-etre-commandees-si-vous-souhaitez-une-nouvelle-couleur-ou-un-autre-tissu","10":"first","11":"instock","12":"shipping-taxable","13":"purchasable","14":"product-type-variable"},"acf":[],"_links":{"self":[{"href":"https:\/\/softlinefurniture.com\/fr\/wp-json\/wp\/v2\/product\/32041","targetHints":{"allow":["GET"]}}],"collection":[{"href":"https:\/\/softlinefurniture.com\/fr\/wp-json\/wp\/v2\/product"}],"about":[{"href":"https:\/\/softlinefurniture.com\/fr\/wp-json\/wp\/v2\/types\/product"}],"replies":[{"embeddable":true,"href":"https:\/\/softlinefurniture.com\/fr\/wp-json\/wp\/v2\/comments?post=32041"}],"version-history":[{"count":0,"href":"https:\/\/softlinefurniture.com\/fr\/wp-json\/wp\/v2\/product\/32041\/revisions"}],"wp:featuredmedia":[{"embeddable":true,"href":"https:\/\/softlinefurniture.com\/fr\/wp-json\/wp\/v2\/media\/114613"}],"wp:attachment":[{"href":"https:\/\/softlinefurniture.com\/fr\/wp-json\/wp\/v2\/media?parent=32041"}],"wp:term":[{"taxonomy":"product_brand","embeddable":true,"href":"https:\/\/softlinefurniture.com\/fr\/wp-json\/wp\/v2\/product_brand?post=32041"},{"taxonomy":"product_cat","embeddable":true,"href":"https:\/\/softlinefurniture.com\/fr\/wp-json\/wp\/v2\/product_cat?post=32041"},{"taxonomy":"product_tag","embeddable":true,"href":"https:\/\/softlinefurniture.com\/fr\/wp-json\/wp\/v2\/product_tag?post=32041"}],"curies":[{"name":"wp","href":"https:\/\/api.w.org\/{rel}","templated":true}]}}