{"id":32060,"date":"2020-06-08T03:10:19","date_gmt":"2020-06-08T01:10:19","guid":{"rendered":"https:\/\/softlinefurniture.com\/product\/scope-2-p-canape\/"},"modified":"2026-03-12T08:33:33","modified_gmt":"2026-03-12T07:33:33","slug":"scope-2-p-canape","status":"publish","type":"product","link":"https:\/\/softlinefurniture.com\/fr\/produit\/scope-2-p-canape\/","title":{"rendered":"SCOPE 2-P Canap\u00e9"},"content":{"rendered":"<p><strong>Confortable et compact<\/strong><br \/>\nAvec son petit encombrement, SCOPE propose une approche moderne et d\u00e9contract\u00e9e du canap\u00e9 et du fauteuil urbains ou l\u2019espace est limit\u00e9. Sa qualit\u00e9 de construction et son confort du \u00e0 ses lignes \u00e9pur\u00e9es lui assurent une perenit\u00e9 sereine.<\/p>\n","protected":false},"excerpt":{"rendered":"<p>Confortable et compact Avec son petit encombrement, SCOPE propose une approche moderne et d\u00e9contract\u00e9e du canap\u00e9 et du fauteuil urbains ou l\u2019espace est limit\u00e9. Sa qualit\u00e9 de construction et son confort du \u00e0 ses lignes \u00e9pur\u00e9es lui assurent une perenit\u00e9 sereine.<\/p>\n","protected":false},"featured_media":42943,"comment_status":"closed","ping_status":"closed","template":"","meta":{"_acf_changed":false},"product_brand":[48667],"product_cat":[6266],"product_tag":[34678],"class_list":{"0":"post-32060","1":"product","2":"type-product","3":"status-publish","4":"has-post-thumbnail","6":"product_brand-scope","7":"product_cat-canapes","8":"product_tag-sofa-fr","9":"pa_covers-removable-covers-cleaning-covers-can-be-dry-cleaned-as-they-have-been-given-the-symbol-p-extra-covers-can-be-purchased-if-you-need-a-new-colour-or-fabric-fr","11":"first","12":"instock","13":"shipping-taxable","14":"purchasable","15":"product-type-variable"},"acf":[],"_links":{"self":[{"href":"https:\/\/softlinefurniture.com\/fr\/wp-json\/wp\/v2\/product\/32060","targetHints":{"allow":["GET"]}}],"collection":[{"href":"https:\/\/softlinefurniture.com\/fr\/wp-json\/wp\/v2\/product"}],"about":[{"href":"https:\/\/softlinefurniture.com\/fr\/wp-json\/wp\/v2\/types\/product"}],"replies":[{"embeddable":true,"href":"https:\/\/softlinefurniture.com\/fr\/wp-json\/wp\/v2\/comments?post=32060"}],"version-history":[{"count":0,"href":"https:\/\/softlinefurniture.com\/fr\/wp-json\/wp\/v2\/product\/32060\/revisions"}],"wp:featuredmedia":[{"embeddable":true,"href":"https:\/\/softlinefurniture.com\/fr\/wp-json\/wp\/v2\/media\/42943"}],"wp:attachment":[{"href":"https:\/\/softlinefurniture.com\/fr\/wp-json\/wp\/v2\/media?parent=32060"}],"wp:term":[{"taxonomy":"product_brand","embeddable":true,"href":"https:\/\/softlinefurniture.com\/fr\/wp-json\/wp\/v2\/product_brand?post=32060"},{"taxonomy":"product_cat","embeddable":true,"href":"https:\/\/softlinefurniture.com\/fr\/wp-json\/wp\/v2\/product_cat?post=32060"},{"taxonomy":"product_tag","embeddable":true,"href":"https:\/\/softlinefurniture.com\/fr\/wp-json\/wp\/v2\/product_tag?post=32060"}],"curies":[{"name":"wp","href":"https:\/\/api.w.org\/{rel}","templated":true}]}}