{"id":32071,"date":"2020-06-08T00:01:12","date_gmt":"2020-06-07T22:01:12","guid":{"rendered":"https:\/\/softlinefurniture.com\/product\/shelly-fauteuil\/"},"modified":"2026-03-12T08:34:27","modified_gmt":"2026-03-12T07:34:27","slug":"shelly-fauteuil-pivotant","status":"publish","type":"product","link":"https:\/\/softlinefurniture.com\/fr\/produit\/shelly-fauteuil-pivotant\/","title":{"rendered":"SHELLY Fauteuil pivotant"},"content":{"rendered":"<p><strong>Un sentiment de confort douillet<\/strong><br \/>\nLa coque rembourr\u00e9e de SHELLY vous enlace litt\u00e9ralement et cr\u00e9e une sensation de confort et de protection. Le design est minimaliste et classique et s&#8217;int\u00e9grera dans les types d\u2019habitat publics ou priv\u00e9s.<\/p>\n","protected":false},"excerpt":{"rendered":"<p>Un sentiment de confort douillet La coque rembourr\u00e9e de SHELLY vous enlace litt\u00e9ralement et cr\u00e9e une sensation de confort et de protection. Le design est minimaliste et classique et s&#8217;int\u00e9grera dans les types d\u2019habitat publics ou priv\u00e9s.<\/p>\n","protected":false},"featured_media":42953,"comment_status":"closed","ping_status":"closed","template":"","meta":{"_acf_changed":false},"product_brand":[48675],"product_cat":[6240,47950,6270],"product_tag":[],"class_list":{"0":"post-32071","1":"product","2":"type-product","3":"status-publish","4":"has-post-thumbnail","6":"product_brand-shelly","7":"product_cat-fauteuils-lounge","8":"product_cat-fauteuils-pivontants","9":"product_cat-modes","10":"pa_covers-nettoyage-les-housses-ayant-le-symbole-p-peuvent-etre-nettoyees-a-sec-des-housses-supplementaires-peuvent-etre-commandees-si-vous-souhaitez-une-nouvelle-couleur-ou-un-autre-tissu","12":"first","13":"instock","14":"shipping-taxable","15":"purchasable","16":"product-type-variable"},"acf":[],"_links":{"self":[{"href":"https:\/\/softlinefurniture.com\/fr\/wp-json\/wp\/v2\/product\/32071","targetHints":{"allow":["GET"]}}],"collection":[{"href":"https:\/\/softlinefurniture.com\/fr\/wp-json\/wp\/v2\/product"}],"about":[{"href":"https:\/\/softlinefurniture.com\/fr\/wp-json\/wp\/v2\/types\/product"}],"replies":[{"embeddable":true,"href":"https:\/\/softlinefurniture.com\/fr\/wp-json\/wp\/v2\/comments?post=32071"}],"version-history":[{"count":0,"href":"https:\/\/softlinefurniture.com\/fr\/wp-json\/wp\/v2\/product\/32071\/revisions"}],"wp:featuredmedia":[{"embeddable":true,"href":"https:\/\/softlinefurniture.com\/fr\/wp-json\/wp\/v2\/media\/42953"}],"wp:attachment":[{"href":"https:\/\/softlinefurniture.com\/fr\/wp-json\/wp\/v2\/media?parent=32071"}],"wp:term":[{"taxonomy":"product_brand","embeddable":true,"href":"https:\/\/softlinefurniture.com\/fr\/wp-json\/wp\/v2\/product_brand?post=32071"},{"taxonomy":"product_cat","embeddable":true,"href":"https:\/\/softlinefurniture.com\/fr\/wp-json\/wp\/v2\/product_cat?post=32071"},{"taxonomy":"product_tag","embeddable":true,"href":"https:\/\/softlinefurniture.com\/fr\/wp-json\/wp\/v2\/product_tag?post=32071"}],"curies":[{"name":"wp","href":"https:\/\/api.w.org\/{rel}","templated":true}]}}