{"id":32099,"date":"2020-06-12T03:49:11","date_gmt":"2020-06-12T01:49:11","guid":{"rendered":"https:\/\/softlinefurniture.com\/product\/sitt-sac-pouf\/"},"modified":"2026-03-12T08:36:37","modified_gmt":"2026-03-12T07:36:37","slug":"sitt-pouf-fauteuil","status":"publish","type":"product","link":"https:\/\/softlinefurniture.com\/fr\/produit\/sitt-pouf-fauteuil\/","title":{"rendered":"SITT Pouf\/Fauteuil"},"content":{"rendered":"<p><strong>Un pouf innovant<\/strong><br \/>\nSITT est un pouf unique en son genre qui vous permet de vous asseoir dans des positions confortables. La conception sp\u00e9ciale de la housse cr\u00e9e sa stabilit\u00e9, elle ne s&#8217;\u00e9crase pas sous le poids et reprend sa forme apr\u00e8s utilisation. Disponible en mat\u00e9riaux pour l&#8217;ext\u00e9rieur et l&#8217;int\u00e9rieur.<\/p>\n","protected":false},"excerpt":{"rendered":"<p>Un pouf innovant SITT est un pouf unique en son genre qui vous permet de vous asseoir dans des positions confortables. La conception sp\u00e9ciale de la housse cr\u00e9e sa stabilit\u00e9, elle ne s&#8217;\u00e9crase pas sous le poids et reprend sa forme apr\u00e8s utilisation. Disponible en mat\u00e9riaux pour l&#8217;ext\u00e9rieur et l&#8217;int\u00e9rieur.<\/p>\n","protected":false},"featured_media":42983,"comment_status":"closed","ping_status":"closed","template":"","meta":{"_acf_changed":false},"product_brand":[48691],"product_cat":[6240,6242,6243,6270,6237],"product_tag":[],"class_list":{"0":"post-32099","1":"product","2":"type-product","3":"status-publish","4":"has-post-thumbnail","6":"product_brand-sitt","7":"product_cat-fauteuils-lounge","8":"product_cat-meubles-pour-enfants","9":"product_cat-meubles-pour-lexterieur","10":"product_cat-modes","11":"product_cat-sacs-de-feves","12":"pa_covers-nettoyage-les-housses-ayant-le-symbole-p-peuvent-etre-nettoyees-a-sec-des-housses-supplementaires-peuvent-etre-commandees-si-vous-souhaitez-une-nouvelle-couleur-ou-un-autre-tissu","14":"first","15":"instock","16":"shipping-taxable","17":"purchasable","18":"product-type-variable"},"acf":[],"_links":{"self":[{"href":"https:\/\/softlinefurniture.com\/fr\/wp-json\/wp\/v2\/product\/32099","targetHints":{"allow":["GET"]}}],"collection":[{"href":"https:\/\/softlinefurniture.com\/fr\/wp-json\/wp\/v2\/product"}],"about":[{"href":"https:\/\/softlinefurniture.com\/fr\/wp-json\/wp\/v2\/types\/product"}],"replies":[{"embeddable":true,"href":"https:\/\/softlinefurniture.com\/fr\/wp-json\/wp\/v2\/comments?post=32099"}],"version-history":[{"count":0,"href":"https:\/\/softlinefurniture.com\/fr\/wp-json\/wp\/v2\/product\/32099\/revisions"}],"wp:featuredmedia":[{"embeddable":true,"href":"https:\/\/softlinefurniture.com\/fr\/wp-json\/wp\/v2\/media\/42983"}],"wp:attachment":[{"href":"https:\/\/softlinefurniture.com\/fr\/wp-json\/wp\/v2\/media?parent=32099"}],"wp:term":[{"taxonomy":"product_brand","embeddable":true,"href":"https:\/\/softlinefurniture.com\/fr\/wp-json\/wp\/v2\/product_brand?post=32099"},{"taxonomy":"product_cat","embeddable":true,"href":"https:\/\/softlinefurniture.com\/fr\/wp-json\/wp\/v2\/product_cat?post=32099"},{"taxonomy":"product_tag","embeddable":true,"href":"https:\/\/softlinefurniture.com\/fr\/wp-json\/wp\/v2\/product_tag?post=32099"}],"curies":[{"name":"wp","href":"https:\/\/api.w.org\/{rel}","templated":true}]}}