{"id":32105,"date":"2020-06-08T23:27:51","date_gmt":"2020-06-08T21:27:51","guid":{"rendered":"https:\/\/softlinefurniture.com\/product\/sleep-canape-lit\/"},"modified":"2026-03-12T08:38:13","modified_gmt":"2026-03-12T07:38:13","slug":"sleep-canape-lit","status":"publish","type":"product","link":"https:\/\/softlinefurniture.com\/fr\/produit\/sleep-canape-lit\/","title":{"rendered":"SLEEP Canap\u00e9-lit"},"content":{"rendered":"<p><strong>Un canap\u00e9 au design fonctionnel<br \/>\n<\/strong>SLEEP est un mod\u00e8le tr\u00e8s populaire, qui peut servir de canap\u00e9 et de lit simple ou double. En outre, son dossier est modulable afin d\u2019obtenir une position qui vous corresponde parfaitement. Les designers ont r\u00e9ussi \u00e0 allier confort et multifonctionnalit\u00e9 en cr\u00e9ant ce canap\u00e9 \u00e0 la fois unique et brillant. Con\u00e7u en 1999 par Busk+Hertzog et d\u00e9j\u00e0 un classique du design contemporain.<\/p>\n","protected":false},"excerpt":{"rendered":"<p>Un canap\u00e9 au design fonctionnel SLEEP est un mod\u00e8le tr\u00e8s populaire, qui peut servir de canap\u00e9 et de lit simple ou double. En outre, son dossier est modulable afin d\u2019obtenir une position qui vous corresponde parfaitement. Les designers ont r\u00e9ussi \u00e0 allier confort et multifonctionnalit\u00e9 en cr\u00e9ant ce canap\u00e9 \u00e0 la fois unique et brillant. [&hellip;]<\/p>\n","protected":false},"featured_media":89597,"comment_status":"closed","ping_status":"closed","template":"","meta":{"_acf_changed":false},"product_brand":[48695],"product_cat":[6269,6270],"product_tag":[6273,34678],"class_list":{"0":"post-32105","1":"product","2":"type-product","3":"status-publish","4":"has-post-thumbnail","6":"product_brand-sleep","7":"product_cat-canape-lit","8":"product_cat-modes","9":"product_tag-fonction","10":"product_tag-sofa-fr","11":"pa_covers-nettoyage-les-housses-ayant-le-symbole-p-peuvent-etre-nettoyees-a-sec-des-housses-supplementaires-peuvent-etre-commandees-si-vous-souhaitez-une-nouvelle-couleur-ou-un-autre-tissu","13":"first","14":"instock","15":"shipping-taxable","16":"purchasable","17":"product-type-variable"},"acf":[],"_links":{"self":[{"href":"https:\/\/softlinefurniture.com\/fr\/wp-json\/wp\/v2\/product\/32105","targetHints":{"allow":["GET"]}}],"collection":[{"href":"https:\/\/softlinefurniture.com\/fr\/wp-json\/wp\/v2\/product"}],"about":[{"href":"https:\/\/softlinefurniture.com\/fr\/wp-json\/wp\/v2\/types\/product"}],"replies":[{"embeddable":true,"href":"https:\/\/softlinefurniture.com\/fr\/wp-json\/wp\/v2\/comments?post=32105"}],"version-history":[{"count":0,"href":"https:\/\/softlinefurniture.com\/fr\/wp-json\/wp\/v2\/product\/32105\/revisions"}],"wp:featuredmedia":[{"embeddable":true,"href":"https:\/\/softlinefurniture.com\/fr\/wp-json\/wp\/v2\/media\/89597"}],"wp:attachment":[{"href":"https:\/\/softlinefurniture.com\/fr\/wp-json\/wp\/v2\/media?parent=32105"}],"wp:term":[{"taxonomy":"product_brand","embeddable":true,"href":"https:\/\/softlinefurniture.com\/fr\/wp-json\/wp\/v2\/product_brand?post=32105"},{"taxonomy":"product_cat","embeddable":true,"href":"https:\/\/softlinefurniture.com\/fr\/wp-json\/wp\/v2\/product_cat?post=32105"},{"taxonomy":"product_tag","embeddable":true,"href":"https:\/\/softlinefurniture.com\/fr\/wp-json\/wp\/v2\/product_tag?post=32105"}],"curies":[{"name":"wp","href":"https:\/\/api.w.org\/{rel}","templated":true}]}}