{"id":32124,"date":"2020-06-06T09:47:35","date_gmt":"2020-06-06T07:47:35","guid":{"rendered":"https:\/\/softlinefurniture.com\/product\/standby-chaise-haute\/"},"modified":"2026-03-12T08:40:45","modified_gmt":"2026-03-12T07:40:45","slug":"standby-chaise-haute","status":"publish","type":"product","link":"https:\/\/softlinefurniture.com\/fr\/produit\/standby-chaise-haute\/","title":{"rendered":"STANDBY Chaise Haute"},"content":{"rendered":"<p><strong>S&#8217;adapter \u00e0 la situation<\/strong><br \/>\nSTANDBY est une collection de fauteuils confortables pour s&#8217;asseoir quelles que soient vos raisons pour le faire: attente, travail, reflexion, ou d\u00e9tente tout simplement. Il offre trois hauteurs diff\u00e9rentes de dossier adapt\u00e9es aux diff\u00e9rentes p\u00e9riodes de temps o\u00f9 vous vous asseyez. Les tablettes-\u00e9critoire int\u00e9gr\u00e9es permettent \u00e0 ces chaises de trouver leur utilit\u00e9 dans tous les espaces \u00e0 meubler, qu\u2019ils soient publics ou priv\u00e9s.<\/p>\n","protected":false},"excerpt":{"rendered":"<p>S&#8217;adapter \u00e0 la situation STANDBY est une collection de fauteuils confortables pour s&#8217;asseoir quelles que soient vos raisons pour le faire: attente, travail, reflexion, ou d\u00e9tente tout simplement. Il offre trois hauteurs diff\u00e9rentes de dossier adapt\u00e9es aux diff\u00e9rentes p\u00e9riodes de temps o\u00f9 vous vous asseyez. Les tablettes-\u00e9critoire int\u00e9gr\u00e9es permettent \u00e0 ces chaises de trouver leur [&hellip;]<\/p>\n","protected":false},"featured_media":43018,"comment_status":"closed","ping_status":"closed","template":"","meta":{"_acf_changed":false},"product_brand":[48707],"product_cat":[6240],"product_tag":[],"class_list":{"0":"post-32124","1":"product","2":"type-product","3":"status-publish","4":"has-post-thumbnail","6":"product_brand-standby","7":"product_cat-fauteuils-lounge","8":"pa_covers-nettoyage-les-housses-ayant-le-symbole-p-peuvent-etre-nettoyees-a-sec-des-housses-supplementaires-peuvent-etre-commandees-si-vous-souhaitez-une-nouvelle-couleur-ou-un-autre-tissu","10":"first","11":"instock","12":"shipping-taxable","13":"purchasable","14":"product-type-variable"},"acf":[],"_links":{"self":[{"href":"https:\/\/softlinefurniture.com\/fr\/wp-json\/wp\/v2\/product\/32124","targetHints":{"allow":["GET"]}}],"collection":[{"href":"https:\/\/softlinefurniture.com\/fr\/wp-json\/wp\/v2\/product"}],"about":[{"href":"https:\/\/softlinefurniture.com\/fr\/wp-json\/wp\/v2\/types\/product"}],"replies":[{"embeddable":true,"href":"https:\/\/softlinefurniture.com\/fr\/wp-json\/wp\/v2\/comments?post=32124"}],"version-history":[{"count":0,"href":"https:\/\/softlinefurniture.com\/fr\/wp-json\/wp\/v2\/product\/32124\/revisions"}],"wp:featuredmedia":[{"embeddable":true,"href":"https:\/\/softlinefurniture.com\/fr\/wp-json\/wp\/v2\/media\/43018"}],"wp:attachment":[{"href":"https:\/\/softlinefurniture.com\/fr\/wp-json\/wp\/v2\/media?parent=32124"}],"wp:term":[{"taxonomy":"product_brand","embeddable":true,"href":"https:\/\/softlinefurniture.com\/fr\/wp-json\/wp\/v2\/product_brand?post=32124"},{"taxonomy":"product_cat","embeddable":true,"href":"https:\/\/softlinefurniture.com\/fr\/wp-json\/wp\/v2\/product_cat?post=32124"},{"taxonomy":"product_tag","embeddable":true,"href":"https:\/\/softlinefurniture.com\/fr\/wp-json\/wp\/v2\/product_tag?post=32124"}],"curies":[{"name":"wp","href":"https:\/\/api.w.org\/{rel}","templated":true}]}}