{"id":32144,"date":"2020-06-14T05:09:47","date_gmt":"2020-06-14T03:09:47","guid":{"rendered":"https:\/\/softlinefurniture.com\/product\/stok-table\/"},"modified":"2025-08-19T01:59:20","modified_gmt":"2025-08-18T23:59:20","slug":"stok-table","status":"publish","type":"product","link":"https:\/\/softlinefurniture.com\/fr\/produit\/stok-table\/","title":{"rendered":"STOK Table"},"content":{"rendered":"<p><strong>Un objet astucieux simpliste expriment magnifiquement la fonctionnalit\u00e9 de la table.<\/strong><br \/>\nSTOK est une table d&#8217;appoint polyvalente facile \u00e0 d\u00e9placer. Elle peut \u00eatre install\u00e9e pr\u00e8s d&#8217;un canap\u00e9 ou \u00e0 c\u00f4t\u00e9 du lit, selon vos besoins. Avec sa poign\u00e9e caract\u00e9ristique, la table se transporte facilement et prend peu de place car elle est empilable. Les d\u00e9coupes graphiques du plateau, combin\u00e9es \u00e0 la poign\u00e9e simpliste, illustrent \u00e0 merveille les fonctionnalit\u00e9s de la table.<\/p>\n<p>Vainqueur du Good Design Award 2020<\/p>\n","protected":false},"excerpt":{"rendered":"<p>Un objet astucieux simpliste expriment magnifiquement la fonctionnalit\u00e9 de la table. STOK est une table d&#8217;appoint polyvalente facile \u00e0 d\u00e9placer. Elle peut \u00eatre install\u00e9e pr\u00e8s d&#8217;un canap\u00e9 ou \u00e0 c\u00f4t\u00e9 du lit, selon vos besoins. Avec sa poign\u00e9e caract\u00e9ristique, la table se transporte facilement et prend peu de place car elle est empilable. Les d\u00e9coupes [&hellip;]<\/p>\n","protected":false},"featured_media":14774,"comment_status":"closed","ping_status":"closed","template":"","meta":{"_acf_changed":false},"product_brand":[48711],"product_cat":[6270,6271],"product_tag":[],"class_list":{"0":"post-32144","1":"product","2":"type-product","3":"status-publish","4":"has-post-thumbnail","6":"product_brand-stok","7":"product_cat-modes","8":"product_cat-tables-fr","10":"first","11":"instock","12":"shipping-taxable","13":"purchasable","14":"product-type-variable"},"acf":[],"_links":{"self":[{"href":"https:\/\/softlinefurniture.com\/fr\/wp-json\/wp\/v2\/product\/32144","targetHints":{"allow":["GET"]}}],"collection":[{"href":"https:\/\/softlinefurniture.com\/fr\/wp-json\/wp\/v2\/product"}],"about":[{"href":"https:\/\/softlinefurniture.com\/fr\/wp-json\/wp\/v2\/types\/product"}],"replies":[{"embeddable":true,"href":"https:\/\/softlinefurniture.com\/fr\/wp-json\/wp\/v2\/comments?post=32144"}],"version-history":[{"count":0,"href":"https:\/\/softlinefurniture.com\/fr\/wp-json\/wp\/v2\/product\/32144\/revisions"}],"wp:featuredmedia":[{"embeddable":true,"href":"https:\/\/softlinefurniture.com\/fr\/wp-json\/wp\/v2\/media\/14774"}],"wp:attachment":[{"href":"https:\/\/softlinefurniture.com\/fr\/wp-json\/wp\/v2\/media?parent=32144"}],"wp:term":[{"taxonomy":"product_brand","embeddable":true,"href":"https:\/\/softlinefurniture.com\/fr\/wp-json\/wp\/v2\/product_brand?post=32144"},{"taxonomy":"product_cat","embeddable":true,"href":"https:\/\/softlinefurniture.com\/fr\/wp-json\/wp\/v2\/product_cat?post=32144"},{"taxonomy":"product_tag","embeddable":true,"href":"https:\/\/softlinefurniture.com\/fr\/wp-json\/wp\/v2\/product_tag?post=32144"}],"curies":[{"name":"wp","href":"https:\/\/api.w.org\/{rel}","templated":true}]}}