{"id":32177,"date":"2020-06-08T19:28:49","date_gmt":"2020-06-08T17:28:49","guid":{"rendered":"https:\/\/softlinefurniture.com\/product\/unit-pouf\/"},"modified":"2025-08-19T01:59:22","modified_gmt":"2025-08-18T23:59:22","slug":"unit-pouf","status":"publish","type":"product","link":"https:\/\/softlinefurniture.com\/fr\/produit\/unit-pouf\/","title":{"rendered":"UNIT Pouf"},"content":{"rendered":"<p><strong>De la fantaisie<\/strong><br \/>\nUNIT est une gamme de poufs \u00e0 la forte personnalit\u00e9 et \u00e0 l\u2019apparence ludique. Le but est v\u00e9ritablement de jouer avec UNIT. Il est compos\u00e9 de huit c\u00f4t\u00e9s de m\u00eame longueur qui se rejoignent de telle mani\u00e8re que vous pouvez cr\u00e9er une vari\u00e9t\u00e9 infinie de mod\u00e8les &#8211; votre imagination est la seule limite. UNIT est un exemple int\u00e9ressant de pouf qui peut \u00eatre dispos\u00e9 pour faire varier sa forme et sa fonction et pour l\u2019adapter \u00e0 un environnement changeant.<\/p>\n","protected":false},"excerpt":{"rendered":"<p>De la fantaisie UNIT est une gamme de poufs \u00e0 la forte personnalit\u00e9 et \u00e0 l\u2019apparence ludique. Le but est v\u00e9ritablement de jouer avec UNIT. Il est compos\u00e9 de huit c\u00f4t\u00e9s de m\u00eame longueur qui se rejoignent de telle mani\u00e8re que vous pouvez cr\u00e9er une vari\u00e9t\u00e9 infinie de mod\u00e8les &#8211; votre imagination est la seule [&hellip;]<\/p>\n","protected":false},"featured_media":43078,"comment_status":"closed","ping_status":"closed","template":"","meta":{"_acf_changed":false},"product_brand":[48735],"product_cat":[6242,6270,6244],"product_tag":[],"class_list":{"0":"post-32177","1":"product","2":"type-product","3":"status-publish","4":"has-post-thumbnail","6":"product_brand-unit","7":"product_cat-meubles-pour-enfants","8":"product_cat-modes","9":"product_cat-poufs-repose-pied","10":"pa_covers-removable-covers-cleaning-covers-can-be-dry-cleaned-as-they-have-been-given-the-symbol-p-extra-covers-can-be-purchased-if-you-need-a-new-colour-or-fabric-fr","12":"first","13":"instock","14":"shipping-taxable","15":"purchasable","16":"product-type-variable"},"acf":[],"_links":{"self":[{"href":"https:\/\/softlinefurniture.com\/fr\/wp-json\/wp\/v2\/product\/32177","targetHints":{"allow":["GET"]}}],"collection":[{"href":"https:\/\/softlinefurniture.com\/fr\/wp-json\/wp\/v2\/product"}],"about":[{"href":"https:\/\/softlinefurniture.com\/fr\/wp-json\/wp\/v2\/types\/product"}],"replies":[{"embeddable":true,"href":"https:\/\/softlinefurniture.com\/fr\/wp-json\/wp\/v2\/comments?post=32177"}],"version-history":[{"count":0,"href":"https:\/\/softlinefurniture.com\/fr\/wp-json\/wp\/v2\/product\/32177\/revisions"}],"wp:featuredmedia":[{"embeddable":true,"href":"https:\/\/softlinefurniture.com\/fr\/wp-json\/wp\/v2\/media\/43078"}],"wp:attachment":[{"href":"https:\/\/softlinefurniture.com\/fr\/wp-json\/wp\/v2\/media?parent=32177"}],"wp:term":[{"taxonomy":"product_brand","embeddable":true,"href":"https:\/\/softlinefurniture.com\/fr\/wp-json\/wp\/v2\/product_brand?post=32177"},{"taxonomy":"product_cat","embeddable":true,"href":"https:\/\/softlinefurniture.com\/fr\/wp-json\/wp\/v2\/product_cat?post=32177"},{"taxonomy":"product_tag","embeddable":true,"href":"https:\/\/softlinefurniture.com\/fr\/wp-json\/wp\/v2\/product_tag?post=32177"}],"curies":[{"name":"wp","href":"https:\/\/api.w.org\/{rel}","templated":true}]}}