{"id":32183,"date":"2020-06-04T10:47:46","date_gmt":"2020-06-04T08:47:46","guid":{"rendered":"https:\/\/softlinefurniture.com\/product\/venice-fauteuil\/"},"modified":"2026-03-12T08:46:29","modified_gmt":"2026-03-12T07:46:29","slug":"venice-fauteuil","status":"publish","type":"product","link":"https:\/\/softlinefurniture.com\/fr\/produit\/venice-fauteuil\/","title":{"rendered":"VENICE Fauteuil"},"content":{"rendered":"<p><strong>Un rembourrage tr\u00e8s confortable<\/strong><br \/>\nCe fauteuil polyvalent et enti\u00e8rement rembourr\u00e9 pr\u00e9sente des formes rassurantes et tout en rondeurs. L&#8217;accoudoir est int\u00e9gr\u00e9 au dossier et, avec son assise ovale, ils forment un design uniforme qui conviendra aux d\u00e9cors de tout style<\/p>\n","protected":false},"excerpt":{"rendered":"<p>Un rembourrage tr\u00e8s confortable Ce fauteuil polyvalent et enti\u00e8rement rembourr\u00e9 pr\u00e9sente des formes rassurantes et tout en rondeurs. L&#8217;accoudoir est int\u00e9gr\u00e9 au dossier et, avec son assise ovale, ils forment un design uniforme qui conviendra aux d\u00e9cors de tout style<\/p>\n","protected":false},"featured_media":81691,"comment_status":"closed","ping_status":"closed","template":"","meta":{"_acf_changed":false},"product_brand":[48739],"product_cat":[6240,6270],"product_tag":[],"class_list":{"0":"post-32183","1":"product","2":"type-product","3":"status-publish","4":"has-post-thumbnail","6":"product_brand-venice","7":"product_cat-fauteuils-lounge","8":"product_cat-modes","9":"pa_covers-removable-covers-cleaning-covers-can-be-dry-cleaned-as-they-have-been-given-the-symbol-p-extra-covers-can-be-purchased-if-you-need-a-new-colour-or-fabric-fr","11":"first","12":"instock","13":"shipping-taxable","14":"purchasable","15":"product-type-variable"},"acf":[],"_links":{"self":[{"href":"https:\/\/softlinefurniture.com\/fr\/wp-json\/wp\/v2\/product\/32183","targetHints":{"allow":["GET"]}}],"collection":[{"href":"https:\/\/softlinefurniture.com\/fr\/wp-json\/wp\/v2\/product"}],"about":[{"href":"https:\/\/softlinefurniture.com\/fr\/wp-json\/wp\/v2\/types\/product"}],"replies":[{"embeddable":true,"href":"https:\/\/softlinefurniture.com\/fr\/wp-json\/wp\/v2\/comments?post=32183"}],"version-history":[{"count":0,"href":"https:\/\/softlinefurniture.com\/fr\/wp-json\/wp\/v2\/product\/32183\/revisions"}],"wp:featuredmedia":[{"embeddable":true,"href":"https:\/\/softlinefurniture.com\/fr\/wp-json\/wp\/v2\/media\/81691"}],"wp:attachment":[{"href":"https:\/\/softlinefurniture.com\/fr\/wp-json\/wp\/v2\/media?parent=32183"}],"wp:term":[{"taxonomy":"product_brand","embeddable":true,"href":"https:\/\/softlinefurniture.com\/fr\/wp-json\/wp\/v2\/product_brand?post=32183"},{"taxonomy":"product_cat","embeddable":true,"href":"https:\/\/softlinefurniture.com\/fr\/wp-json\/wp\/v2\/product_cat?post=32183"},{"taxonomy":"product_tag","embeddable":true,"href":"https:\/\/softlinefurniture.com\/fr\/wp-json\/wp\/v2\/product_tag?post=32183"}],"curies":[{"name":"wp","href":"https:\/\/api.w.org\/{rel}","templated":true}]}}