{"id":32189,"date":"2020-06-07T23:00:46","date_gmt":"2020-06-07T21:00:46","guid":{"rendered":"https:\/\/softlinefurniture.com\/product\/venus-dormeuse-3-places\/"},"modified":"2026-03-12T08:47:56","modified_gmt":"2026-03-12T07:47:56","slug":"venus-canape-lit","status":"publish","type":"product","link":"https:\/\/softlinefurniture.com\/fr\/produit\/venus-canape-lit\/","title":{"rendered":"VENUS Canap\u00e9-lit"},"content":{"rendered":"<p><strong>Une personnalit\u00e9 marqu\u00e9e<\/strong><br \/>\nVENUS est un canap\u00e9 \u00e9l\u00e9gant avec une fonction de couchage int\u00e9gr\u00e9e. Le cadre en acier simple et l\u00e9ger longe esth\u00e9tiquement l&#8217;arri\u00e8re du canap\u00e9 &#8211; un d\u00e9tail qui vous invite \u00e0 placer le canap\u00e9 au milieu de la pi\u00e8ce afin que sa forme puisse \u00eatre appr\u00e9ci\u00e9e sous tous les angles. Les accoudoirs int\u00e9gr\u00e9s et le dossier moelleux cr\u00e9ent un confort maximal et, malgr\u00e9 sa taille, VENUS se transforme facilement en lit pour 2 adultes.<\/p>\n<p>Vainqueur du Good Design Award 2017<\/p>\n","protected":false},"excerpt":{"rendered":"<p>Une personnalit\u00e9 marqu\u00e9e VENUS est un canap\u00e9 \u00e9l\u00e9gant avec une fonction de couchage int\u00e9gr\u00e9e. Le cadre en acier simple et l\u00e9ger longe esth\u00e9tiquement l&#8217;arri\u00e8re du canap\u00e9 &#8211; un d\u00e9tail qui vous invite \u00e0 placer le canap\u00e9 au milieu de la pi\u00e8ce afin que sa forme puisse \u00eatre appr\u00e9ci\u00e9e sous tous les angles. Les accoudoirs int\u00e9gr\u00e9s [&hellip;]<\/p>\n","protected":false},"featured_media":97301,"comment_status":"closed","ping_status":"closed","template":"","meta":{"_acf_changed":false},"product_brand":[48743],"product_cat":[6269,6270],"product_tag":[6273,34678],"class_list":{"0":"post-32189","1":"product","2":"type-product","3":"status-publish","4":"has-post-thumbnail","6":"product_brand-venus","7":"product_cat-canape-lit","8":"product_cat-modes","9":"product_tag-fonction","10":"product_tag-sofa-fr","11":"pa_covers-nettoyage-les-housses-ayant-le-symbole-p-peuvent-etre-nettoyees-a-sec-des-housses-supplementaires-peuvent-etre-commandees-si-vous-souhaitez-une-nouvelle-couleur-ou-un-autre-tissu","13":"first","14":"instock","15":"shipping-taxable","16":"purchasable","17":"product-type-variable"},"acf":[],"_links":{"self":[{"href":"https:\/\/softlinefurniture.com\/fr\/wp-json\/wp\/v2\/product\/32189","targetHints":{"allow":["GET"]}}],"collection":[{"href":"https:\/\/softlinefurniture.com\/fr\/wp-json\/wp\/v2\/product"}],"about":[{"href":"https:\/\/softlinefurniture.com\/fr\/wp-json\/wp\/v2\/types\/product"}],"replies":[{"embeddable":true,"href":"https:\/\/softlinefurniture.com\/fr\/wp-json\/wp\/v2\/comments?post=32189"}],"version-history":[{"count":0,"href":"https:\/\/softlinefurniture.com\/fr\/wp-json\/wp\/v2\/product\/32189\/revisions"}],"wp:featuredmedia":[{"embeddable":true,"href":"https:\/\/softlinefurniture.com\/fr\/wp-json\/wp\/v2\/media\/97301"}],"wp:attachment":[{"href":"https:\/\/softlinefurniture.com\/fr\/wp-json\/wp\/v2\/media?parent=32189"}],"wp:term":[{"taxonomy":"product_brand","embeddable":true,"href":"https:\/\/softlinefurniture.com\/fr\/wp-json\/wp\/v2\/product_brand?post=32189"},{"taxonomy":"product_cat","embeddable":true,"href":"https:\/\/softlinefurniture.com\/fr\/wp-json\/wp\/v2\/product_cat?post=32189"},{"taxonomy":"product_tag","embeddable":true,"href":"https:\/\/softlinefurniture.com\/fr\/wp-json\/wp\/v2\/product_tag?post=32189"}],"curies":[{"name":"wp","href":"https:\/\/api.w.org\/{rel}","templated":true}]}}