{"id":32201,"date":"2020-06-07T22:10:10","date_gmt":"2020-06-07T20:10:10","guid":{"rendered":"https:\/\/softlinefurniture.com\/product\/victor-25-p-canape\/"},"modified":"2026-03-12T08:49:07","modified_gmt":"2026-03-12T07:49:07","slug":"victor-25-p-canape-lit","status":"publish","type":"product","link":"https:\/\/softlinefurniture.com\/fr\/produit\/victor-25-p-canape-lit\/","title":{"rendered":"VICTOR 2,5 P Canap\u00e9-lit"},"content":{"rendered":"<p><strong>Un canap\u00e9-lit classique et de bon go\u00fbt<\/strong><br \/>\nCe canap\u00e9-lit confortable et simple est un classique intemporel de SOFTLINE. Ses lignes \u00e9pur\u00e9es restent r\u00e9solument modernes sans \u00eatre trop audacieuses et font de VICTOR un canap\u00e9 qui s\u2019adapte \u00e0 tous les styles. Il est facile le de transformer en un lit double pour deux personnes.<\/p>\n","protected":false},"excerpt":{"rendered":"<p>Un canap\u00e9-lit classique et de bon go\u00fbt Ce canap\u00e9-lit confortable et simple est un classique intemporel de SOFTLINE. Ses lignes \u00e9pur\u00e9es restent r\u00e9solument modernes sans \u00eatre trop audacieuses et font de VICTOR un canap\u00e9 qui s\u2019adapte \u00e0 tous les styles. Il est facile le de transformer en un lit double pour deux personnes.<\/p>\n","protected":false},"featured_media":11867,"comment_status":"closed","ping_status":"closed","template":"","meta":{"_acf_changed":false},"product_brand":[48751],"product_cat":[6269,6270],"product_tag":[6273,34678],"class_list":{"0":"post-32201","1":"product","2":"type-product","3":"status-publish","4":"has-post-thumbnail","6":"product_brand-victor","7":"product_cat-canape-lit","8":"product_cat-modes","9":"product_tag-fonction","10":"product_tag-sofa-fr","11":"pa_covers-nettoyage-les-housses-ayant-le-symbole-p-peuvent-etre-nettoyees-a-sec-des-housses-supplementaires-peuvent-etre-commandees-si-vous-souhaitez-une-nouvelle-couleur-ou-un-autre-tissu","13":"first","14":"instock","15":"shipping-taxable","16":"purchasable","17":"product-type-variable"},"acf":[],"_links":{"self":[{"href":"https:\/\/softlinefurniture.com\/fr\/wp-json\/wp\/v2\/product\/32201","targetHints":{"allow":["GET"]}}],"collection":[{"href":"https:\/\/softlinefurniture.com\/fr\/wp-json\/wp\/v2\/product"}],"about":[{"href":"https:\/\/softlinefurniture.com\/fr\/wp-json\/wp\/v2\/types\/product"}],"replies":[{"embeddable":true,"href":"https:\/\/softlinefurniture.com\/fr\/wp-json\/wp\/v2\/comments?post=32201"}],"version-history":[{"count":0,"href":"https:\/\/softlinefurniture.com\/fr\/wp-json\/wp\/v2\/product\/32201\/revisions"}],"wp:featuredmedia":[{"embeddable":true,"href":"https:\/\/softlinefurniture.com\/fr\/wp-json\/wp\/v2\/media\/11867"}],"wp:attachment":[{"href":"https:\/\/softlinefurniture.com\/fr\/wp-json\/wp\/v2\/media?parent=32201"}],"wp:term":[{"taxonomy":"product_brand","embeddable":true,"href":"https:\/\/softlinefurniture.com\/fr\/wp-json\/wp\/v2\/product_brand?post=32201"},{"taxonomy":"product_cat","embeddable":true,"href":"https:\/\/softlinefurniture.com\/fr\/wp-json\/wp\/v2\/product_cat?post=32201"},{"taxonomy":"product_tag","embeddable":true,"href":"https:\/\/softlinefurniture.com\/fr\/wp-json\/wp\/v2\/product_tag?post=32201"}],"curies":[{"name":"wp","href":"https:\/\/api.w.org\/{rel}","templated":true}]}}