{"id":38080,"date":"2021-01-14T21:01:59","date_gmt":"2021-01-14T20:01:59","guid":{"rendered":"https:\/\/softlinefurniture.com\/?post_type=product&#038;p=38080"},"modified":"2026-03-12T08:51:07","modified_gmt":"2026-03-12T07:51:07","slug":"xo-fix-table","status":"publish","type":"product","link":"https:\/\/softlinefurniture.com\/fr\/produit\/xo-fix-table\/","title":{"rendered":"XO Fix Table"},"content":{"rendered":"<p><strong>Un usage universel<\/strong><br \/>\nXO poss\u00e8de un design a\u00e9r\u00e9 et \u00e9l\u00e9gant, et la position asym\u00e9trique du pi\u00e9tement sur une base r\u00e9guli\u00e8re mais l\u00e9g\u00e8re, lui permet d&#8217;\u00eatre plac\u00e9 au-dessus d\u2019un si\u00e8ge ou de n&#8217;importe quel canap\u00e9. La forme du plateau de la table est con\u00e7ue pour correspondre \u00e0 diff\u00e9rentes exigences selon vos besoins: table d&#8217;appoint ou table de travail pour votre tablette ou votre ordinateur portable. En une seule manoeuvre, la hauteur de la table peut \u00eatre ajust\u00e9e pour s&#8217;adapter parfaitement \u00e0 l&#8217;utilisation souhait\u00e9e. La conception voulue universelle de la table XO la rend id\u00e9ale pour \u00eatre utilis\u00e9e indiff\u00e9remment avec le reste du mobilier de la collection ou avec des meubles existants dans l&#8217;espace de vie.<\/p>\n","protected":false},"excerpt":{"rendered":"<p>Un usage universel XO poss\u00e8de un design a\u00e9r\u00e9 et \u00e9l\u00e9gant, et la position asym\u00e9trique du pi\u00e9tement sur une base r\u00e9guli\u00e8re mais l\u00e9g\u00e8re, lui permet d&#8217;\u00eatre plac\u00e9 au-dessus d\u2019un si\u00e8ge ou de n&#8217;importe quel canap\u00e9. La forme du plateau de la table est con\u00e7ue pour correspondre \u00e0 diff\u00e9rentes exigences selon vos besoins: table d&#8217;appoint ou table [&hellip;]<\/p>\n","protected":false},"featured_media":43105,"comment_status":"closed","ping_status":"closed","template":"","meta":{"_acf_changed":false},"product_brand":[48763],"product_cat":[6270,6271],"product_tag":[],"class_list":{"0":"post-38080","1":"product","2":"type-product","3":"status-publish","4":"has-post-thumbnail","6":"product_brand-xo-fix","7":"product_cat-modes","8":"product_cat-tables-fr","10":"first","11":"instock","12":"shipping-taxable","13":"purchasable","14":"product-type-variable"},"acf":[],"_links":{"self":[{"href":"https:\/\/softlinefurniture.com\/fr\/wp-json\/wp\/v2\/product\/38080","targetHints":{"allow":["GET"]}}],"collection":[{"href":"https:\/\/softlinefurniture.com\/fr\/wp-json\/wp\/v2\/product"}],"about":[{"href":"https:\/\/softlinefurniture.com\/fr\/wp-json\/wp\/v2\/types\/product"}],"replies":[{"embeddable":true,"href":"https:\/\/softlinefurniture.com\/fr\/wp-json\/wp\/v2\/comments?post=38080"}],"version-history":[{"count":0,"href":"https:\/\/softlinefurniture.com\/fr\/wp-json\/wp\/v2\/product\/38080\/revisions"}],"wp:featuredmedia":[{"embeddable":true,"href":"https:\/\/softlinefurniture.com\/fr\/wp-json\/wp\/v2\/media\/43105"}],"wp:attachment":[{"href":"https:\/\/softlinefurniture.com\/fr\/wp-json\/wp\/v2\/media?parent=38080"}],"wp:term":[{"taxonomy":"product_brand","embeddable":true,"href":"https:\/\/softlinefurniture.com\/fr\/wp-json\/wp\/v2\/product_brand?post=38080"},{"taxonomy":"product_cat","embeddable":true,"href":"https:\/\/softlinefurniture.com\/fr\/wp-json\/wp\/v2\/product_cat?post=38080"},{"taxonomy":"product_tag","embeddable":true,"href":"https:\/\/softlinefurniture.com\/fr\/wp-json\/wp\/v2\/product_tag?post=38080"}],"curies":[{"name":"wp","href":"https:\/\/api.w.org\/{rel}","templated":true}]}}