{"id":88918,"date":"2021-12-07T16:05:41","date_gmt":"2021-12-07T15:05:41","guid":{"rendered":"https:\/\/softlinefurniture.com\/?post_type=product&#038;p=88918"},"modified":"2026-03-11T13:55:44","modified_gmt":"2026-03-11T12:55:44","slug":"duet-canape-lit","status":"publish","type":"product","link":"https:\/\/softlinefurniture.com\/fr\/produit\/duet-canape-lit\/","title":{"rendered":"DUET Canap\u00e9 Lit"},"content":{"rendered":"<p><strong>Une m\u00e9ridienne Classique et \u00e9l\u00e9gante<\/strong><br \/>\nLe design \u00e9pur\u00e9 et minimaliste du lit de repos DUET offre une caract\u00e9ristique surprenante que vous adorerez: un oreiller merveilleusement doux enroul\u00e9 autour du matelas pour plus de confort. Les pieds en acier ont un rev\u00eatement noir et la construction l\u00e9g\u00e8re de la base cr\u00e9e un aspect a\u00e9rien. DUET se fondra dans n&#8217;importe quel d\u00e9cor. Ses lignes sont classiques et mais expriment la qualit\u00e9. DUET est fonctionnel et pratique et peut \u00eatre utilis\u00e9 comme un canap\u00e9 ordinaire, une banquette-lit ou un lit simple ou double.<\/p>\n","protected":false},"excerpt":{"rendered":"<p>Une m\u00e9ridienne Classique et \u00e9l\u00e9gante Le design \u00e9pur\u00e9 et minimaliste du lit de repos DUET offre une caract\u00e9ristique surprenante que vous adorerez: un oreiller merveilleusement doux enroul\u00e9 autour du matelas pour plus de confort. Les pieds en acier ont un rev\u00eatement noir et la construction l\u00e9g\u00e8re de la base cr\u00e9e un aspect a\u00e9rien. DUET se [&hellip;]<\/p>\n","protected":false},"featured_media":11425,"comment_status":"closed","ping_status":"closed","template":"","meta":{"_acf_changed":false},"product_brand":[48407],"product_cat":[6269,6266,6267],"product_tag":[6273,34678],"class_list":{"0":"post-88918","1":"product","2":"type-product","3":"status-publish","4":"has-post-thumbnail","6":"product_brand-duet","7":"product_cat-canape-lit","8":"product_cat-canapes","9":"product_cat-chaise-longue","10":"product_tag-fonction","11":"product_tag-sofa-fr","12":"pa_covers-nettoyage-les-housses-ayant-le-symbole-p-peuvent-etre-nettoyees-a-sec-des-housses-supplementaires-peuvent-etre-commandees-si-vous-souhaitez-une-nouvelle-couleur-ou-un-autre-tissu","14":"first","15":"instock","16":"shipping-taxable","17":"purchasable","18":"product-type-variable"},"acf":[],"_links":{"self":[{"href":"https:\/\/softlinefurniture.com\/fr\/wp-json\/wp\/v2\/product\/88918","targetHints":{"allow":["GET"]}}],"collection":[{"href":"https:\/\/softlinefurniture.com\/fr\/wp-json\/wp\/v2\/product"}],"about":[{"href":"https:\/\/softlinefurniture.com\/fr\/wp-json\/wp\/v2\/types\/product"}],"replies":[{"embeddable":true,"href":"https:\/\/softlinefurniture.com\/fr\/wp-json\/wp\/v2\/comments?post=88918"}],"version-history":[{"count":0,"href":"https:\/\/softlinefurniture.com\/fr\/wp-json\/wp\/v2\/product\/88918\/revisions"}],"wp:featuredmedia":[{"embeddable":true,"href":"https:\/\/softlinefurniture.com\/fr\/wp-json\/wp\/v2\/media\/11425"}],"wp:attachment":[{"href":"https:\/\/softlinefurniture.com\/fr\/wp-json\/wp\/v2\/media?parent=88918"}],"wp:term":[{"taxonomy":"product_brand","embeddable":true,"href":"https:\/\/softlinefurniture.com\/fr\/wp-json\/wp\/v2\/product_brand?post=88918"},{"taxonomy":"product_cat","embeddable":true,"href":"https:\/\/softlinefurniture.com\/fr\/wp-json\/wp\/v2\/product_cat?post=88918"},{"taxonomy":"product_tag","embeddable":true,"href":"https:\/\/softlinefurniture.com\/fr\/wp-json\/wp\/v2\/product_tag?post=88918"}],"curies":[{"name":"wp","href":"https:\/\/api.w.org\/{rel}","templated":true}]}}