{"id":94325,"date":"2022-06-03T10:20:35","date_gmt":"2022-06-03T08:20:35","guid":{"rendered":"https:\/\/softlinefurniture.com\/?post_type=product&#038;p=94325"},"modified":"2026-03-11T13:51:22","modified_gmt":"2026-03-11T12:51:22","slug":"dial-cabine-telephonique","status":"publish","type":"product","link":"https:\/\/softlinefurniture.com\/fr\/produit\/dial-cabine-telephonique\/","title":{"rendered":"DIAL Cabine t\u00e9l\u00e9phonique"},"content":{"rendered":"<p>DIAL s&#8217;inspire d&#8217;une cabine t\u00e9l\u00e9phonique old school, et son design innovant r\u00e9pond au besoin sans cesse croissant d&#8217;\u00eatre \u00ab\u00a0priv\u00e9 en public\u00a0\u00bb. DIAL peut aider \u00e0 se cr\u00e9er une salle priv\u00e9e, physique et mentale, dans des espaces publics. Un endroit n\u00e9cessaire pour se d\u00e9tendre et se concentrer sur ce qui est important &#8211; que ce soit un appel Skype avec un coll\u00e8gue, FaceTime avec un \u00eatre cher ou simplement le besoin de fermer les yeux et se concentrer sur une t\u00e2che \u00e0 venir, un voyage ou une r\u00e9union importante. DIAL est enti\u00e8rement rembourr\u00e9 \u00e0 l&#8217;int\u00e9rieur et \u00e0 l&#8217;ext\u00e9rieur, ce qui le rend doux et invitant, et selon le choix du tissu, il peut \u00eatre personnalis\u00e9 pour s&#8217;adapter \u00e0 toutes sortes d&#8217;environnements dans les espaces publics.<\/p>\n<p>Vainqueur du Green Good Design Award 2023<\/p>\n","protected":false},"excerpt":{"rendered":"<p>DIAL s&#8217;inspire d&#8217;une cabine t\u00e9l\u00e9phonique old school, et son design innovant r\u00e9pond au besoin sans cesse croissant d&#8217;\u00eatre \u00ab\u00a0priv\u00e9 en public\u00a0\u00bb. DIAL peut aider \u00e0 se cr\u00e9er une salle priv\u00e9e, physique et mentale, dans des espaces publics. Un endroit n\u00e9cessaire pour se d\u00e9tendre et se concentrer sur ce qui est important &#8211; que ce soit [&hellip;]<\/p>\n","protected":false},"featured_media":94776,"comment_status":"closed","ping_status":"closed","template":"","meta":{"_acf_changed":false},"product_brand":[48333],"product_cat":[6270,32,47817],"product_tag":[],"class_list":{"0":"post-94325","1":"product","2":"type-product","3":"status-publish","4":"has-post-thumbnail","6":"product_brand-dial","7":"product_cat-modes","8":"product_cat-nouveaux-produits","9":"product_cat-workspace","10":"pa_covers-nettoyage-les-housses-ayant-le-symbole-p-peuvent-etre-nettoyees-a-sec-des-housses-supplementaires-peuvent-etre-commandees-si-vous-souhaitez-une-nouvelle-couleur-ou-un-autre-tissu","12":"first","13":"instock","14":"shipping-taxable","15":"purchasable","16":"product-type-variable"},"acf":[],"_links":{"self":[{"href":"https:\/\/softlinefurniture.com\/fr\/wp-json\/wp\/v2\/product\/94325","targetHints":{"allow":["GET"]}}],"collection":[{"href":"https:\/\/softlinefurniture.com\/fr\/wp-json\/wp\/v2\/product"}],"about":[{"href":"https:\/\/softlinefurniture.com\/fr\/wp-json\/wp\/v2\/types\/product"}],"replies":[{"embeddable":true,"href":"https:\/\/softlinefurniture.com\/fr\/wp-json\/wp\/v2\/comments?post=94325"}],"version-history":[{"count":0,"href":"https:\/\/softlinefurniture.com\/fr\/wp-json\/wp\/v2\/product\/94325\/revisions"}],"wp:featuredmedia":[{"embeddable":true,"href":"https:\/\/softlinefurniture.com\/fr\/wp-json\/wp\/v2\/media\/94776"}],"wp:attachment":[{"href":"https:\/\/softlinefurniture.com\/fr\/wp-json\/wp\/v2\/media?parent=94325"}],"wp:term":[{"taxonomy":"product_brand","embeddable":true,"href":"https:\/\/softlinefurniture.com\/fr\/wp-json\/wp\/v2\/product_brand?post=94325"},{"taxonomy":"product_cat","embeddable":true,"href":"https:\/\/softlinefurniture.com\/fr\/wp-json\/wp\/v2\/product_cat?post=94325"},{"taxonomy":"product_tag","embeddable":true,"href":"https:\/\/softlinefurniture.com\/fr\/wp-json\/wp\/v2\/product_tag?post=94325"}],"curies":[{"name":"wp","href":"https:\/\/api.w.org\/{rel}","templated":true}]}}