{"id":94366,"date":"2022-06-03T10:55:43","date_gmt":"2022-06-03T08:55:43","guid":{"rendered":"https:\/\/softlinefurniture.com\/?post_type=product&#038;p=94366"},"modified":"2026-03-11T14:34:24","modified_gmt":"2026-03-11T13:34:24","slug":"opera-cloison-de-separation","status":"publish","type":"product","link":"https:\/\/softlinefurniture.com\/fr\/produit\/opera-cloison-de-separation\/","title":{"rendered":"OPERA Cloison de S\u00e9paration"},"content":{"rendered":"<p>La collection OPERA, qui se compose d\u00e9j\u00e0 de canap\u00e9s, fauteuils, poufs et d\u2019un syst\u00e8me modulaire en plusieurs tailles et variantes, s\u2019est enrichie d\u2019une cloison de s\u00e9paration dans le m\u00eame design intemporel, compact et multiculturel. Avec l\u2019ajout de cette cloison, il est d\u00e9sormais possible de cr\u00e9er des zones plus petites, ferm\u00e9es et intimistes, cr\u00e9ant ainsi un espace priv\u00e9 et d\u00e9fini au sein d\u2019espaces collectifs. De cette mani\u00e8re il est possible de travailler en toute tranquillit\u00e9. La cloison de s\u00e9paration permet, de fa\u00e7on enti\u00e8rement nouvelle, d\u2019utiliser et de combiner les \u00e9l\u00e9ments OPERA dans les espaces publics. La connexion se fait de mani\u00e8re totalement transparente entre chaque \u00e9l\u00e9ment de la gamme OPERA \u00e0 laquelle dor\u00e9navant on peut facilement venir ajouter les cloisons de s\u00e9paration en cas de besoin et de les d\u00e9placer, les stocker efficacement, car elles occupent un minimum d\u2019espace lorsqu\u2019elles ne sont pas utilis\u00e9es.<\/p>\n","protected":false},"excerpt":{"rendered":"<p>La collection OPERA, qui se compose d\u00e9j\u00e0 de canap\u00e9s, fauteuils, poufs et d\u2019un syst\u00e8me modulaire en plusieurs tailles et variantes, s\u2019est enrichie d\u2019une cloison de s\u00e9paration dans le m\u00eame design intemporel, compact et multiculturel. Avec l\u2019ajout de cette cloison, il est d\u00e9sormais possible de cr\u00e9er des zones plus petites, ferm\u00e9es et intimistes, cr\u00e9ant ainsi un [&hellip;]<\/p>\n","protected":false},"featured_media":94619,"comment_status":"closed","ping_status":"closed","template":"","meta":{"_acf_changed":false},"product_brand":[48615],"product_cat":[47817],"product_tag":[],"class_list":{"0":"post-94366","1":"product","2":"type-product","3":"status-publish","4":"has-post-thumbnail","6":"product_brand-opera","7":"product_cat-workspace","8":"pa_covers-nettoyage-les-housses-ayant-le-symbole-p-peuvent-etre-nettoyees-a-sec-des-housses-supplementaires-peuvent-etre-commandees-si-vous-souhaitez-une-nouvelle-couleur-ou-un-autre-tissu","10":"first","11":"instock","12":"shipping-taxable","13":"purchasable","14":"product-type-variable"},"acf":[],"_links":{"self":[{"href":"https:\/\/softlinefurniture.com\/fr\/wp-json\/wp\/v2\/product\/94366","targetHints":{"allow":["GET"]}}],"collection":[{"href":"https:\/\/softlinefurniture.com\/fr\/wp-json\/wp\/v2\/product"}],"about":[{"href":"https:\/\/softlinefurniture.com\/fr\/wp-json\/wp\/v2\/types\/product"}],"replies":[{"embeddable":true,"href":"https:\/\/softlinefurniture.com\/fr\/wp-json\/wp\/v2\/comments?post=94366"}],"version-history":[{"count":0,"href":"https:\/\/softlinefurniture.com\/fr\/wp-json\/wp\/v2\/product\/94366\/revisions"}],"wp:featuredmedia":[{"embeddable":true,"href":"https:\/\/softlinefurniture.com\/fr\/wp-json\/wp\/v2\/media\/94619"}],"wp:attachment":[{"href":"https:\/\/softlinefurniture.com\/fr\/wp-json\/wp\/v2\/media?parent=94366"}],"wp:term":[{"taxonomy":"product_brand","embeddable":true,"href":"https:\/\/softlinefurniture.com\/fr\/wp-json\/wp\/v2\/product_brand?post=94366"},{"taxonomy":"product_cat","embeddable":true,"href":"https:\/\/softlinefurniture.com\/fr\/wp-json\/wp\/v2\/product_cat?post=94366"},{"taxonomy":"product_tag","embeddable":true,"href":"https:\/\/softlinefurniture.com\/fr\/wp-json\/wp\/v2\/product_tag?post=94366"}],"curies":[{"name":"wp","href":"https:\/\/api.w.org\/{rel}","templated":true}]}}