{"id":94450,"date":"2022-06-03T11:13:13","date_gmt":"2022-06-03T09:13:13","guid":{"rendered":"https:\/\/softlinefurniture.com\/?post_type=product&#038;p=94450"},"modified":"2026-03-12T08:49:49","modified_gmt":"2026-03-12T07:49:49","slug":"zenzo-canape-lit","status":"publish","type":"product","link":"https:\/\/softlinefurniture.com\/fr\/produit\/zenzo-canape-lit\/","title":{"rendered":"ZENZO Canap\u00e9-lit"},"content":{"rendered":"<p>ZENZO est un canap\u00e9-lit minimaliste au design caract\u00e9ris\u00e9 par des lignes calmes et \u00e9pur\u00e9es qui vous invite \u00e0 vous d\u00e9tendre, \u00e0 vous ressourcer et \u00e0 passer une bonne nuit de sommeil. En tant que canap\u00e9, l\u2019assise est confortable pendant la journ\u00e9e, et la nuit en tant que lit, il vous offre les meilleures conditions pour un sommeil profond et relaxant. ZENZO se transforme facilement en lit et les deux matelas sont reli\u00e9s entre eux afin de fournir une surface uniforme de repos dans une taille appropri\u00e9e pour deux personnes. Le design \u00e9l\u00e9gant fonctionne bien dans n&#8217;importe quelle pi\u00e8ce de la maison et, en termes de style, il s&#8217;adaptera \u00e0 la plupart des int\u00e9rieurs. Le cadre est en bois &#8211; \u00e9l\u00e9gant et nordique &#8211; et la housse est disponible dans un certain nombre de tissus et de couleurs qui vous permettent de personnaliser ZENZO en fonction de vos besoins, souhaits et styles sp\u00e9cifiques.<\/p>\n","protected":false},"excerpt":{"rendered":"<p>ZENZO est un canap\u00e9-lit minimaliste au design caract\u00e9ris\u00e9 par des lignes calmes et \u00e9pur\u00e9es qui vous invite \u00e0 vous d\u00e9tendre, \u00e0 vous ressourcer et \u00e0 passer une bonne nuit de sommeil. En tant que canap\u00e9, l\u2019assise est confortable pendant la journ\u00e9e, et la nuit en tant que lit, il vous offre les meilleures conditions pour [&hellip;]<\/p>\n","protected":false},"featured_media":94666,"comment_status":"closed","ping_status":"closed","template":"","meta":{"_acf_changed":false},"product_brand":[48767],"product_cat":[6269,6266],"product_tag":[6273,34678],"class_list":{"0":"post-94450","1":"product","2":"type-product","3":"status-publish","4":"has-post-thumbnail","6":"product_brand-zenzo","7":"product_cat-canape-lit","8":"product_cat-canapes","9":"product_tag-fonction","10":"product_tag-sofa-fr","11":"pa_covers-removable-covers-cleaning-covers-can-be-dry-cleaned-as-they-have-been-given-the-symbol-p-extra-covers-can-be-purchased-if-you-need-a-new-colour-or-fabric-fr","13":"first","14":"instock","15":"shipping-taxable","16":"purchasable","17":"product-type-variable"},"acf":[],"_links":{"self":[{"href":"https:\/\/softlinefurniture.com\/fr\/wp-json\/wp\/v2\/product\/94450","targetHints":{"allow":["GET"]}}],"collection":[{"href":"https:\/\/softlinefurniture.com\/fr\/wp-json\/wp\/v2\/product"}],"about":[{"href":"https:\/\/softlinefurniture.com\/fr\/wp-json\/wp\/v2\/types\/product"}],"replies":[{"embeddable":true,"href":"https:\/\/softlinefurniture.com\/fr\/wp-json\/wp\/v2\/comments?post=94450"}],"version-history":[{"count":0,"href":"https:\/\/softlinefurniture.com\/fr\/wp-json\/wp\/v2\/product\/94450\/revisions"}],"wp:featuredmedia":[{"embeddable":true,"href":"https:\/\/softlinefurniture.com\/fr\/wp-json\/wp\/v2\/media\/94666"}],"wp:attachment":[{"href":"https:\/\/softlinefurniture.com\/fr\/wp-json\/wp\/v2\/media?parent=94450"}],"wp:term":[{"taxonomy":"product_brand","embeddable":true,"href":"https:\/\/softlinefurniture.com\/fr\/wp-json\/wp\/v2\/product_brand?post=94450"},{"taxonomy":"product_cat","embeddable":true,"href":"https:\/\/softlinefurniture.com\/fr\/wp-json\/wp\/v2\/product_cat?post=94450"},{"taxonomy":"product_tag","embeddable":true,"href":"https:\/\/softlinefurniture.com\/fr\/wp-json\/wp\/v2\/product_tag?post=94450"}],"curies":[{"name":"wp","href":"https:\/\/api.w.org\/{rel}","templated":true}]}}